{"id":5892,"date":"2023-01-13T00:24:37","date_gmt":"2023-01-12T23:24:37","guid":{"rendered":"https:\/\/www.giardinagroup.com\/?page_id=5892"},"modified":"2023-02-03T15:02:59","modified_gmt":"2023-02-03T14:02:59","slug":"informativa-trattamento-dei-dati-personali","status":"publish","type":"page","link":"https:\/\/www.giardinagroup.com\/it\/informativa-trattamento-dei-dati-personali\/","title":{"rendered":"Informativa trattamento dei dati personali"},"content":{"rendered":"<p>Desideriamo informarLa che GiardinaGroup Srl (la \u201cSociet\u00e0\u201d) proceder\u00e0 al trattamento dei Suoi dati personali nel rispetto delle disposizioni vigenti in materia di protezione dei dati personali e, in particolare, del Regolamento (UE) 2016\/679 del 27 aprile 2016 (di seguito il \u201cGDPR\u201d); pertanto, ai sensi dell&#8217;articolo 13 del GDPR, Le forniamo le seguenti informazioni:<br \/>\nI dati da Lei forniti verranno trattati:<br \/>\nper evadere, se possibile, le richieste da Lei avanzate;<br \/>\nadempiere ad obblighi derivanti dalla legge, da regolamenti e, in generale, dalla normativa, anche comunitaria, di volta in volta applicabile al rapporto instaurato con la nostra Societ\u00e0;<br \/>\nper adempimenti di carattere organizzativo, amministrativo, contabile e fiscale connessi ai servizi o alle prestazioni da Lei richieste alla Societ\u00e0;<br \/>\nper l\u2019offerta di promozioni, sconti, agevolazioni ed altri servizi, nonch\u00e9 l\u2019invio di newsletter, informazioni commerciali e\/o promozionali e di prodotti omaggio, l\u2019invito a manifestazioni e\/o eventi, ovvero lo svolgimento di ricerche di mercato e la segnalazione di tutte le speciali iniziative dedicate ai clienti della Societ\u00e0.<br \/>\nQualora (e solo se) si rendesse necessario per adempiere alle Sue richieste, la Societ\u00e0 potr\u00e0 richiederLe di fornire ulteriori dati rispetto a quelli fin qui raccolti. La nostra Societ\u00e0 si riserva, a suo insindacabile giudizio, il diritto di cancellare i dati da Lei inviati che non saranno ritenuti pertinenti e necessari ad evadere le Sue richieste.<br \/>\nIl trattamento si fonder\u00e0 sulla necessit\u00e0 di adempiere ad obblighi precontrattuali, contrattuali e di legge. I Suoi dati potranno essere trattati per le finalit\u00e0 di marketing di cui al punto (d), paragrafo 1., che precede solo a fronte del Suo libero ed espresso consenso.<br \/>\nL&#8217;eventuale rifiuto di fornire i dati necessari ad eseguire il servizio o la prestazione richiesta comporter\u00e0 l\u2019impossibilit\u00e0 per la nostra Societ\u00e0 di fornire, in tutto o in parte, il servizio o la prestazione medesima. Il mancato consenso (o la revoca del medesimo) per le finalit\u00e0 di cui al punto (d), paragrafo 1., comporter\u00e0 esclusivamente l\u2019impossibilit\u00e0 per la nostra Societ\u00e0 di trattare i Suoi dati per finalit\u00e0 di marketing commerciale: in nessun caso il mancato consenso al trattamento dei Suoi dati per tale finalit\u00e0 Le impedir\u00e0 di acquistare i nostri prodotti e\/o usufruire dei nostri servizi.<br \/>\nI Suoi dati non saranno diffusi. Saranno accessibili ai dipendenti e collaboratori della Societ\u00e0, in qualit\u00e0 di incaricati al trattamento e ai fornitori di servizi della cui collaborazione la Societ\u00e0 si avvale (corrieri, spedizionieri, ecc.), solo nel caso in cui ci\u00f2 sia strettamente necessario per evadere ed eseguire il servizio o la prestazione da Lei richiesti, nonch\u00e9 al fine di garantirne la costante correttezza e l\u2019aggiornamento. Potranno essere comunicati a consulenti, professionisti e istituti \u2013 anche privati \u2013 (commercialisti, revisori, banche, assicurazioni, ecc.) della cui collaborazione la nostra Societ\u00e0 si avvale sempre e solo per erogare il servizio e\/o la prestazione da Lei richiesti. Potranno inoltre essere comunicati a studi legali e\/o avvocati i dati necessari alla verifica del rispetto della normativa applicabile al rapporto in essere e\/o per far valere un diritto del Titolare, anche in sede giudiziaria. Saranno infine accessibili ai soggetti ai quali verr\u00e0 affidato il servizio di manutenzione\/sviluppo del nostro sistema informatico per i tempi strettamente necessari all\u2019esecuzione di tale servizio.<br \/>\nI Suoi dati saranno conservati per il periodo di tempo strettamente necessario a conseguire gli scopi per cui sono stati raccolti, salva la necessit\u00e0 di conservarli per un periodo pi\u00f9 lungo in osservanza della normativa, anche contabile, applicabile ovvero al fine di tutelare un diritto del Titolare, anche in sede giudiziaria. Lei avr\u00e0 in qualsiasi momento la possibilit\u00e0 di revocare il consenso al trattamento dei Suoi dati per le finalit\u00e0 di marketing e, in particolare, tale opportunit\u00e0 le sar\u00e0 offerta in occasione di ogni singola comunicazione commerciale. In caso di revoca del consenso, la Societ\u00e0 non potr\u00e0 pi\u00f9 trattare i dati che La riguardano per le finalit\u00e0 a cui il consenso era riferito. In nessun caso tuttavia la revoca del consenso potr\u00e0 pregiudicare la liceit\u00e0 del trattamento effettuato prima della revoca.<br \/>\nIl titolare del trattamento \u00e8 GiardinaGroup Srl, con sede legale in Figino Serenza (CO) \u2013 22060, Via V. Stucchi n. 63, che potr\u00e0 essere contattato, anche per l\u2019esercizio dei diritti di cui al punto 8 che segue, all\u2019indirizzo e-mail privacy@giardinagroup.com.<br \/>\nL\u2019interessato ha diritto di chiedere alla Societ\u00e0:<br \/>\n&#8211; l\u2019accesso, la rettifica, la cancellazione o la limitazione del trattamento dei dati, nonch\u00e9 di opporsi al trattamento, ai sensi degli artt. 15-18 e 21 del Regolamento;<br \/>\n&#8211; la portabilit\u00e0 dei dati, ai sensi dell\u2019art. 20 del Regolamento.<br \/>\nL\u2019interessato ha altres\u00ec diritto di proporre reclamo al Garante per la protezione dei dati personali.<br \/>\nIl testo integrale degli articoli citati al presente paragrafo \u00e8 disponibile sul presente sito alla sezione \u201cPrivacy policy \u2013 diritti dell\u2019interessato\u201d.<\/p>\n","protected":false},"excerpt":{"rendered":"<p>Desideriamo informarLa che GiardinaGroup Srl (la \u201cSociet\u00e0\u201d) proceder\u00e0 al trattamento dei Suoi dati personali nel rispetto delle disposizioni vigenti in materia di protezione dei dati personali e, in particolare, del [&hellip;]<\/p>\n","protected":false},"author":712,"featured_media":0,"parent":0,"menu_order":60,"comment_status":"closed","ping_status":"closed","template":"","meta":{"_acf_changed":false,"footnotes":""},"class_list":["post-5892","page","type-page","status-publish","hentry"],"acf":[],"yoast_head":"<!-- This site is optimized with the Yoast SEO plugin v27.2 - https:\/\/yoast.com\/product\/yoast-seo-wordpress\/ -->\n<title>Informativa trattamento dei dati personali - Giardina Group<\/title>\n<meta name=\"robots\" content=\"index, follow, max-snippet:-1, max-image-preview:large, max-video-preview:-1\" \/>\n<link rel=\"canonical\" href=\"https:\/\/www.giardinagroup.com\/it\/informativa-trattamento-dei-dati-personali\/\" \/>\n<meta property=\"og:locale\" content=\"it_IT\" \/>\n<meta property=\"og:type\" content=\"article\" \/>\n<meta property=\"og:title\" content=\"Informativa trattamento dei dati personali - Giardina Group\" \/>\n<meta property=\"og:description\" content=\"Desideriamo informarLa che GiardinaGroup Srl (la \u201cSociet\u00e0\u201d) proceder\u00e0 al trattamento dei Suoi dati personali nel rispetto delle disposizioni vigenti in materia di protezione dei dati personali e, in particolare, del [&hellip;]\" \/>\n<meta property=\"og:url\" content=\"https:\/\/www.giardinagroup.com\/it\/informativa-trattamento-dei-dati-personali\/\" \/>\n<meta property=\"og:site_name\" content=\"Giardina Group\" \/>\n<meta property=\"article:publisher\" content=\"https:\/\/www.facebook.com\/GiardinaGroupItaly\/\" \/>\n<meta property=\"article:modified_time\" content=\"2023-02-03T14:02:59+00:00\" \/>\n<meta name=\"twitter:card\" content=\"summary_large_image\" \/>\n<meta name=\"twitter:label1\" content=\"Tempo di lettura stimato\" \/>\n\t<meta name=\"twitter:data1\" content=\"4 minuti\" \/>\n<script type=\"application\/ld+json\" class=\"yoast-schema-graph\">{\"@context\":\"https:\/\/schema.org\",\"@graph\":[{\"@type\":\"WebPage\",\"@id\":\"https:\/\/www.giardinagroup.com\/it\/informativa-trattamento-dei-dati-personali\/\",\"url\":\"https:\/\/www.giardinagroup.com\/it\/informativa-trattamento-dei-dati-personali\/\",\"name\":\"Informativa trattamento dei dati personali - Giardina Group\",\"isPartOf\":{\"@id\":\"https:\/\/www.giardinagroup.com\/it\/#website\"},\"datePublished\":\"2023-01-12T23:24:37+00:00\",\"dateModified\":\"2023-02-03T14:02:59+00:00\",\"breadcrumb\":{\"@id\":\"https:\/\/www.giardinagroup.com\/it\/informativa-trattamento-dei-dati-personali\/#breadcrumb\"},\"inLanguage\":\"it-IT\",\"potentialAction\":[{\"@type\":\"ReadAction\",\"target\":[\"https:\/\/www.giardinagroup.com\/it\/informativa-trattamento-dei-dati-personali\/\"]}]},{\"@type\":\"BreadcrumbList\",\"@id\":\"https:\/\/www.giardinagroup.com\/it\/informativa-trattamento-dei-dati-personali\/#breadcrumb\",\"itemListElement\":[{\"@type\":\"ListItem\",\"position\":1,\"name\":\"Home\",\"item\":\"https:\/\/www.giardinagroup.com\/it\/\"},{\"@type\":\"ListItem\",\"position\":2,\"name\":\"Informativa trattamento dei dati personali\"}]},{\"@type\":\"WebSite\",\"@id\":\"https:\/\/www.giardinagroup.com\/it\/#website\",\"url\":\"https:\/\/www.giardinagroup.com\/it\/\",\"name\":\"Giardina Group\",\"description\":\"\",\"potentialAction\":[{\"@type\":\"SearchAction\",\"target\":{\"@type\":\"EntryPoint\",\"urlTemplate\":\"https:\/\/www.giardinagroup.com\/it\/?s={search_term_string}\"},\"query-input\":{\"@type\":\"PropertyValueSpecification\",\"valueRequired\":true,\"valueName\":\"search_term_string\"}}],\"inLanguage\":\"it-IT\"}]}<\/script>\n<!-- \/ Yoast SEO plugin. -->","yoast_head_json":{"title":"Informativa trattamento dei dati personali - Giardina Group","robots":{"index":"index","follow":"follow","max-snippet":"max-snippet:-1","max-image-preview":"max-image-preview:large","max-video-preview":"max-video-preview:-1"},"canonical":"https:\/\/www.giardinagroup.com\/it\/informativa-trattamento-dei-dati-personali\/","og_locale":"it_IT","og_type":"article","og_title":"Informativa trattamento dei dati personali - Giardina Group","og_description":"Desideriamo informarLa che GiardinaGroup Srl (la \u201cSociet\u00e0\u201d) proceder\u00e0 al trattamento dei Suoi dati personali nel rispetto delle disposizioni vigenti in materia di protezione dei dati personali e, in particolare, del [&hellip;]","og_url":"https:\/\/www.giardinagroup.com\/it\/informativa-trattamento-dei-dati-personali\/","og_site_name":"Giardina Group","article_publisher":"https:\/\/www.facebook.com\/GiardinaGroupItaly\/","article_modified_time":"2023-02-03T14:02:59+00:00","twitter_card":"summary_large_image","twitter_misc":{"Tempo di lettura stimato":"4 minuti"},"schema":{"@context":"https:\/\/schema.org","@graph":[{"@type":"WebPage","@id":"https:\/\/www.giardinagroup.com\/it\/informativa-trattamento-dei-dati-personali\/","url":"https:\/\/www.giardinagroup.com\/it\/informativa-trattamento-dei-dati-personali\/","name":"Informativa trattamento dei dati personali - Giardina Group","isPartOf":{"@id":"https:\/\/www.giardinagroup.com\/it\/#website"},"datePublished":"2023-01-12T23:24:37+00:00","dateModified":"2023-02-03T14:02:59+00:00","breadcrumb":{"@id":"https:\/\/www.giardinagroup.com\/it\/informativa-trattamento-dei-dati-personali\/#breadcrumb"},"inLanguage":"it-IT","potentialAction":[{"@type":"ReadAction","target":["https:\/\/www.giardinagroup.com\/it\/informativa-trattamento-dei-dati-personali\/"]}]},{"@type":"BreadcrumbList","@id":"https:\/\/www.giardinagroup.com\/it\/informativa-trattamento-dei-dati-personali\/#breadcrumb","itemListElement":[{"@type":"ListItem","position":1,"name":"Home","item":"https:\/\/www.giardinagroup.com\/it\/"},{"@type":"ListItem","position":2,"name":"Informativa trattamento dei dati personali"}]},{"@type":"WebSite","@id":"https:\/\/www.giardinagroup.com\/it\/#website","url":"https:\/\/www.giardinagroup.com\/it\/","name":"Giardina Group","description":"","potentialAction":[{"@type":"SearchAction","target":{"@type":"EntryPoint","urlTemplate":"https:\/\/www.giardinagroup.com\/it\/?s={search_term_string}"},"query-input":{"@type":"PropertyValueSpecification","valueRequired":true,"valueName":"search_term_string"}}],"inLanguage":"it-IT"}]}},"_links":{"self":[{"href":"https:\/\/www.giardinagroup.com\/it\/wp-json\/wp\/v2\/pages\/5892","targetHints":{"allow":["GET"]}}],"collection":[{"href":"https:\/\/www.giardinagroup.com\/it\/wp-json\/wp\/v2\/pages"}],"about":[{"href":"https:\/\/www.giardinagroup.com\/it\/wp-json\/wp\/v2\/types\/page"}],"author":[{"embeddable":true,"href":"https:\/\/www.giardinagroup.com\/it\/wp-json\/wp\/v2\/users\/712"}],"replies":[{"embeddable":true,"href":"https:\/\/www.giardinagroup.com\/it\/wp-json\/wp\/v2\/comments?post=5892"}],"version-history":[{"count":2,"href":"https:\/\/www.giardinagroup.com\/it\/wp-json\/wp\/v2\/pages\/5892\/revisions"}],"predecessor-version":[{"id":5894,"href":"https:\/\/www.giardinagroup.com\/it\/wp-json\/wp\/v2\/pages\/5892\/revisions\/5894"}],"wp:attachment":[{"href":"https:\/\/www.giardinagroup.com\/it\/wp-json\/wp\/v2\/media?parent=5892"}],"curies":[{"name":"wp","href":"https:\/\/api.w.org\/{rel}","templated":true}]}}