{"id":1764,"date":"2022-12-20T09:13:22","date_gmt":"2022-12-20T08:13:22","guid":{"rendered":"https:\/\/www.giardinagroup.com\/?page_id=1764"},"modified":"2026-03-08T21:35:54","modified_gmt":"2026-03-08T20:35:54","slug":"chi-siamo-soluzioni-verniciatura","status":"publish","type":"page","link":"https:\/\/www.giardinagroup.com\/it\/chi-siamo-soluzioni-verniciatura\/","title":{"rendered":"Chi siamo"},"content":{"rendered":"<h2>I momenti di una storia&#8230;<\/h2>\n<hr \/>\n<p>Giardina Finishing e Mauri Macchine: due marchi dal 2012 riuniti in un solo punto di riferimento mondiale, <strong>Giardina Group<\/strong>, per tutto ci\u00f2 che riguarda il <strong>trattamento delle superfici<\/strong>. Una proposta resa ancora pi\u00f9 completa dalla acquisizione, nel 2020, della <strong>De Stefani<\/strong>, realt\u00e0 nota a livello internazionale nel comparto della levigatura.<\/p>\n<p>Una storia di competenze, di esperienza, di ricerca e di innovazione che dura da quasi cinquant\u2019anni; decenni segnati dall\u2019impegno costante nello sviluppo e nella realizzazione di soluzioni altamente tecnologiche, macchine e impianti ideati \u2013 insieme al committente, a coloro che poi dovranno lavorare ogni giorno con quelle tecnologie \u2013 per offrire la migliore soluzione possibile, sia che si tratti della linea pi\u00f9 complessa come della macchina pi\u00f9 semplice.<\/p>\n<p>Il protagonista, il fil rouge di questa lunga storia \u00e8 stato <strong>Giampiero Mauri<\/strong>, scomparso il 24 agosto 2017, convinto assertore che il successo di una impresa si misuri dal suo essere un punto di riferimento tecnologico a livello internazionale, una visione che gli ha permesso di raggiungere obiettivi prestigiosi.<\/p>\n<p>Dalla sua visione nasce la scelta di creare una sinergia forte fra le due aziende \u2013 attraverso l\u2019acquisizione di Giardina Finishing da parte di Mauri Macchine \u2013 che oggi propongono ai diversi mercati mondiali la pi\u00f9 completa gamma di soluzioni per la finitura e la verniciatura, un patrimonio di tecnologia che nessun\u2019altro pu\u00f2 eguagliare. Una visione portata avanti dai suoi figli, <strong>Stefano e Riccardo<\/strong>, con la decisione di entrare anche nel mondo della levigatura acquisendo <strong>De Stefani <\/strong>e di avviare, dal 2023, una importante partnership industriale con <strong>G-Technologies Group<\/strong>.<\/p>\n<h3>Le radici<\/h3>\n<p><strong>Giardina Finishing<\/strong> ha portato in dote al nuovo gruppo la grande esperienza nelle soluzioni per la verniciatura nei settori Wood, Glass, Plastic, Metal e Composite: applicazioni a spruzzo, a rullo, a velatrice, sottovuoto e molte altre ancora. Anche le <strong>tecniche di essiccazione<\/strong> sono sempre state un fiore all\u2019occhiello dell\u2019azienda, pioniere nella tecnologia di essiccazione UV sin dagli anni Settanta e leader nei processi di essiccazione di vernici a base acqua con la tecnologia \u201c<strong>MOS<\/strong>\u201d e, da qualche anno, con una nuovissima tecnologia integrata \u201capplicazione-essiccazione UV\u201d, denominata \u201c<strong>Gst Zerogloss<\/strong>\u201d, che permette di sviluppare nuovi cicli di verniciatura grazie ai quali raggiungere elevati standard qualitativi, un eccellente \u201c<strong>High Matt<\/strong>\u201d primo fra tutti.<\/p>\n<p><strong>Mauri Macchine<\/strong> completa le proposte Giardina Finishing, forte della esperienza nel settore Wood e potendo vantare una eccezionale competenza nei sistemi per la verniciatura dei <strong>profili<\/strong> in genere. Ha sviluppato da tempo soluzioni di spruzzatura robotizzata per la verniciatura di piccoli lotti, \u201ccustomer order\u201d, anticipando di alcuni anni le esigenze di un mercato sempre pi\u00f9 orientato al \u201cjust in time\u201d, al su misura, alla personalizzazione pi\u00f9 spinta, alla gestione efficace ed efficiente di lotti sempre pi\u00f9 piccoli. Un percorso che ha visto Mauri Macchine particolarmente propositiva in tema di impianti completi per il <strong>trattamento del legno lamellare<\/strong>, sempre pi\u00f9 diffuso in una edilizia dove la parola \u201cbio-sostenibilit\u00e0\u201d assume un significato e un peso sempre pi\u00f9 rilevante.<\/p>\n<p>L\u2019elevata capacit\u00e0 di Mauri Macchine nello sviluppare e realizzare soluzioni complesse per la movimentazione e manipolazione dei manufatti ha permesso a Giardina Group di offrire ai clienti di tutto il mondo importanti impianti di verniciatura completi, mettendo a frutto le risorse e le capacit\u00e0 interne al gruppo, garantendo la massima affidabilit\u00e0 e \u2013 soprattutto \u2013 proponendosi come interlocutore unico, capace di offrire know-how, tecnologia, servizi pre e post vendita.<\/p>\n<h3>Giardina Group<\/h3>\n<p>E\u2019 nel 2010 che Mauri Macchine inizia la partnership con Giardina Finishing srl.<\/p>\n<p>Dopo un profondo processo di ristrutturazione industriale, Giampiero Mauri decide di acquisire Giardina Finishing, creando il marchio Giardina Group e riunendo sotto lo stesso tetto Giardina Finishing, Mauri Macchine e Ventilazione Italiana. L\u2019unificazione dei tre marchi consolida un parco clienti vastissimo e permette di costruire la pi\u00f9 vasta e completa gamma di macchine e impianti per la finitura.<\/p>\n<p>Il 24 agosto 2017, come abbiamo gi\u00e0 ricordato, <strong>Giampiero Mauri<\/strong> viene a mancare e i suoi figli \u2013 <strong>Stefano e Riccardo<\/strong>, da sempre al suo fianco \u2013 prendono saldamente in mano le redini dell\u2019impresa.<\/p>\n<p>Il 28 dicembre viene firmato l\u2019atto notarile che sancisce la nascita di Giardina Group, coronamento di un sogno iniziato nell\u2019oramai lontanissimo 1972.<br \/>\nAgli inizi del 2018 tutte le unit\u00e0 produttive vengono riunite nella unit\u00e0 di <strong>Figino Serenza<\/strong>, sede storica di Giardina. Una nuova sede che sar\u00e0 presto completamente ristrutturata per rispondere alle necessit\u00e0 di una azienda moderna, un intervento che prevede la riorganizzazione degli spazi produttivi e degli uffici, la creazione di uno show-room\/laboratorio, il <strong>Giampiero Mauri Innovation Centre<\/strong> inaugurato nell\u2019aprile 2019, spazi per la formazione e un ufficio dedicato alla progettazione e innovazione.<\/p>\n<p>Nel maggio 2020 la lunghissima e intensa collaborazione con\u00a0<strong>De Stefani<\/strong>\u00a0si trasforma in partecipazione industriale, attraverso l\u2019acquisizione dello specialista della levigatura che \u00e8 oggi il terzo pilastro su cui si fonda la proposta del gruppo.<\/p>\n<p>Nel 2023 prende il via una <strong>nuova partnership industriale<\/strong> con <a href=\"https:\/\/www.gtechnologies-srl.com\/Objects\/Home1.asp\"><strong>G-Technologies Group<\/strong><\/a> che porta alla acquisizione di <a href=\"https:\/\/www.marval.glass\/\"><strong>Marval<\/strong><\/a>, azienda nota a livello internazionale per la qualit\u00e0 delle proprie soluzioni dedicate alla produzione di vetrocamera. Da questa partnership nel 2025 nasce un nuovo progetto, ovvero l\u2019acquisizione delle attivit\u00e0 di <a href=\"https:\/\/www.cmlfinishing.it\/it\"><strong>Cml Finishing<\/strong><\/a>, realt\u00e0 leader nella ideazione, progettazione e realizzazione di soluzioni innovative per la verniciatura del serramento.<\/p>\n<p>Oggi come ieri fondamentale per <strong>Giardina Group<\/strong> il rapporto costante con le pi\u00f9 importanti industrie di prodotti vernicianti e complementari di tutto il mondo, perch\u00e9 solo lavorando insieme \u00e8 possibile interpretare i bisogni di un cliente e offrirgli esattamente ci\u00f2 che si aspetta come risultato finale del processo di verniciatura che ha scelto.<\/p>\n","protected":false},"excerpt":{"rendered":"<p>I momenti di una storia&#8230; Giardina Finishing e Mauri Macchine: due marchi dal 2012 riuniti in un solo punto di riferimento mondiale, Giardina Group, per tutto ci\u00f2 che riguarda il [&hellip;]<\/p>\n","protected":false},"author":712,"featured_media":0,"parent":0,"menu_order":1,"comment_status":"closed","ping_status":"closed","template":"","meta":{"_acf_changed":false,"footnotes":""},"class_list":["post-1764","page","type-page","status-publish","hentry"],"acf":[],"yoast_head":"<!-- This site is optimized with the Yoast SEO plugin v27.2 - https:\/\/yoast.com\/product\/yoast-seo-wordpress\/ -->\n<title>La pi\u00f9 completa gamma di soluzioni per la finitura e la verniciatura<\/title>\n<meta name=\"description\" content=\"Grande esperienza nelle soluzioni per la verniciatura nei settori Wood, Glass, Plastic, Metal e Composite: applicazioni a spruzzo, etc...\" \/>\n<meta name=\"robots\" content=\"index, follow, max-snippet:-1, max-image-preview:large, max-video-preview:-1\" \/>\n<link rel=\"canonical\" href=\"https:\/\/www.giardinagroup.com\/it\/chi-siamo-soluzioni-verniciatura\/\" \/>\n<meta property=\"og:locale\" content=\"it_IT\" \/>\n<meta property=\"og:type\" content=\"article\" \/>\n<meta property=\"og:title\" content=\"La pi\u00f9 completa gamma di soluzioni per la finitura e la verniciatura\" \/>\n<meta property=\"og:description\" content=\"Grande esperienza nelle soluzioni per la verniciatura nei settori Wood, Glass, Plastic, Metal e Composite: applicazioni a spruzzo, etc...\" \/>\n<meta property=\"og:url\" content=\"https:\/\/www.giardinagroup.com\/it\/chi-siamo-soluzioni-verniciatura\/\" \/>\n<meta property=\"og:site_name\" content=\"Giardina Group\" \/>\n<meta property=\"article:publisher\" content=\"https:\/\/www.facebook.com\/GiardinaGroupItaly\/\" \/>\n<meta property=\"article:modified_time\" content=\"2026-03-08T20:35:54+00:00\" \/>\n<meta name=\"twitter:card\" content=\"summary_large_image\" \/>\n<meta name=\"twitter:label1\" content=\"Tempo di lettura stimato\" \/>\n\t<meta name=\"twitter:data1\" content=\"5 minuti\" \/>\n<script type=\"application\/ld+json\" class=\"yoast-schema-graph\">{\"@context\":\"https:\/\/schema.org\",\"@graph\":[{\"@type\":\"WebPage\",\"@id\":\"https:\/\/www.giardinagroup.com\/it\/chi-siamo-soluzioni-verniciatura\/\",\"url\":\"https:\/\/www.giardinagroup.com\/it\/chi-siamo-soluzioni-verniciatura\/\",\"name\":\"La pi\u00f9 completa gamma di soluzioni per la finitura e la verniciatura\",\"isPartOf\":{\"@id\":\"https:\/\/www.giardinagroup.com\/it\/#website\"},\"datePublished\":\"2022-12-20T08:13:22+00:00\",\"dateModified\":\"2026-03-08T20:35:54+00:00\",\"description\":\"Grande esperienza nelle soluzioni per la verniciatura nei settori Wood, Glass, Plastic, Metal e Composite: applicazioni a spruzzo, etc...\",\"breadcrumb\":{\"@id\":\"https:\/\/www.giardinagroup.com\/it\/chi-siamo-soluzioni-verniciatura\/#breadcrumb\"},\"inLanguage\":\"it-IT\",\"potentialAction\":[{\"@type\":\"ReadAction\",\"target\":[\"https:\/\/www.giardinagroup.com\/it\/chi-siamo-soluzioni-verniciatura\/\"]}]},{\"@type\":\"BreadcrumbList\",\"@id\":\"https:\/\/www.giardinagroup.com\/it\/chi-siamo-soluzioni-verniciatura\/#breadcrumb\",\"itemListElement\":[{\"@type\":\"ListItem\",\"position\":1,\"name\":\"Home\",\"item\":\"https:\/\/www.giardinagroup.com\/it\/\"},{\"@type\":\"ListItem\",\"position\":2,\"name\":\"Chi siamo\"}]},{\"@type\":\"WebSite\",\"@id\":\"https:\/\/www.giardinagroup.com\/it\/#website\",\"url\":\"https:\/\/www.giardinagroup.com\/it\/\",\"name\":\"Giardina Group\",\"description\":\"\",\"potentialAction\":[{\"@type\":\"SearchAction\",\"target\":{\"@type\":\"EntryPoint\",\"urlTemplate\":\"https:\/\/www.giardinagroup.com\/it\/?s={search_term_string}\"},\"query-input\":{\"@type\":\"PropertyValueSpecification\",\"valueRequired\":true,\"valueName\":\"search_term_string\"}}],\"inLanguage\":\"it-IT\"}]}<\/script>\n<!-- \/ Yoast SEO plugin. -->","yoast_head_json":{"title":"La pi\u00f9 completa gamma di soluzioni per la finitura e la verniciatura","description":"Grande esperienza nelle soluzioni per la verniciatura nei settori Wood, Glass, Plastic, Metal e Composite: applicazioni a spruzzo, etc...","robots":{"index":"index","follow":"follow","max-snippet":"max-snippet:-1","max-image-preview":"max-image-preview:large","max-video-preview":"max-video-preview:-1"},"canonical":"https:\/\/www.giardinagroup.com\/it\/chi-siamo-soluzioni-verniciatura\/","og_locale":"it_IT","og_type":"article","og_title":"La pi\u00f9 completa gamma di soluzioni per la finitura e la verniciatura","og_description":"Grande esperienza nelle soluzioni per la verniciatura nei settori Wood, Glass, Plastic, Metal e Composite: applicazioni a spruzzo, etc...","og_url":"https:\/\/www.giardinagroup.com\/it\/chi-siamo-soluzioni-verniciatura\/","og_site_name":"Giardina Group","article_publisher":"https:\/\/www.facebook.com\/GiardinaGroupItaly\/","article_modified_time":"2026-03-08T20:35:54+00:00","twitter_card":"summary_large_image","twitter_misc":{"Tempo di lettura stimato":"5 minuti"},"schema":{"@context":"https:\/\/schema.org","@graph":[{"@type":"WebPage","@id":"https:\/\/www.giardinagroup.com\/it\/chi-siamo-soluzioni-verniciatura\/","url":"https:\/\/www.giardinagroup.com\/it\/chi-siamo-soluzioni-verniciatura\/","name":"La pi\u00f9 completa gamma di soluzioni per la finitura e la verniciatura","isPartOf":{"@id":"https:\/\/www.giardinagroup.com\/it\/#website"},"datePublished":"2022-12-20T08:13:22+00:00","dateModified":"2026-03-08T20:35:54+00:00","description":"Grande esperienza nelle soluzioni per la verniciatura nei settori Wood, Glass, Plastic, Metal e Composite: applicazioni a spruzzo, etc...","breadcrumb":{"@id":"https:\/\/www.giardinagroup.com\/it\/chi-siamo-soluzioni-verniciatura\/#breadcrumb"},"inLanguage":"it-IT","potentialAction":[{"@type":"ReadAction","target":["https:\/\/www.giardinagroup.com\/it\/chi-siamo-soluzioni-verniciatura\/"]}]},{"@type":"BreadcrumbList","@id":"https:\/\/www.giardinagroup.com\/it\/chi-siamo-soluzioni-verniciatura\/#breadcrumb","itemListElement":[{"@type":"ListItem","position":1,"name":"Home","item":"https:\/\/www.giardinagroup.com\/it\/"},{"@type":"ListItem","position":2,"name":"Chi siamo"}]},{"@type":"WebSite","@id":"https:\/\/www.giardinagroup.com\/it\/#website","url":"https:\/\/www.giardinagroup.com\/it\/","name":"Giardina Group","description":"","potentialAction":[{"@type":"SearchAction","target":{"@type":"EntryPoint","urlTemplate":"https:\/\/www.giardinagroup.com\/it\/?s={search_term_string}"},"query-input":{"@type":"PropertyValueSpecification","valueRequired":true,"valueName":"search_term_string"}}],"inLanguage":"it-IT"}]}},"_links":{"self":[{"href":"https:\/\/www.giardinagroup.com\/it\/wp-json\/wp\/v2\/pages\/1764","targetHints":{"allow":["GET"]}}],"collection":[{"href":"https:\/\/www.giardinagroup.com\/it\/wp-json\/wp\/v2\/pages"}],"about":[{"href":"https:\/\/www.giardinagroup.com\/it\/wp-json\/wp\/v2\/types\/page"}],"author":[{"embeddable":true,"href":"https:\/\/www.giardinagroup.com\/it\/wp-json\/wp\/v2\/users\/712"}],"replies":[{"embeddable":true,"href":"https:\/\/www.giardinagroup.com\/it\/wp-json\/wp\/v2\/comments?post=1764"}],"version-history":[{"count":4,"href":"https:\/\/www.giardinagroup.com\/it\/wp-json\/wp\/v2\/pages\/1764\/revisions"}],"predecessor-version":[{"id":11885,"href":"https:\/\/www.giardinagroup.com\/it\/wp-json\/wp\/v2\/pages\/1764\/revisions\/11885"}],"wp:attachment":[{"href":"https:\/\/www.giardinagroup.com\/it\/wp-json\/wp\/v2\/media?parent=1764"}],"curies":[{"name":"wp","href":"https:\/\/api.w.org\/{rel}","templated":true}]}}