{"id":4254,"date":"2022-12-29T23:09:22","date_gmt":"2022-12-29T22:09:22","guid":{"rendered":"https:\/\/www.giardinagroup.com\/?page_id=4254"},"modified":"2023-02-08T23:17:11","modified_gmt":"2023-02-08T22:17:11","slug":"travail-avec-nous","status":"publish","type":"page","link":"https:\/\/www.giardinagroup.com\/fr\/travail-avec-nous\/","title":{"rendered":"Travail avec nous"},"content":{"rendered":"<h2>Nos opportunit\u00e9 d&#8217;emploi<\/h2>\n<hr \/>\n<p>Chaque jour, nous nous concentrons sur l\u2019avenir, nous innovons, nous fabriquons des machines, nous concevons de nouvelles solutions, nous rendons possible les aspirations de nos clients, nous communiquons nos valeurs, nous cr\u00e9ons de nouvelles relations, visitons nos partenaires, organisons les prochains salons, nous recherchons les meilleurs composants du march\u00e9, nous nous comparons \u00e0 nos concurrents\u2026 nous racontons notre histoire! Une histoire grande, riche et intense, que nous voulons raconter \u00e0 plusieurs voix.<\/p>\n<p><strong>Si tu aimes travailler en \u00e9quipe, Giardina Group peut \u00eatre une opportunit\u00e9 d\u2019emploi s\u00e9rieuse<\/strong>, un moyen d\u2019augmenter tes comp\u00e9tences et de r\u00e9aliser tes aspirations.<\/p>\n<p>Nous recherchons actuellement les ouvriers suivants :<\/p>\n<ul>\n<li><strong>Responsable technique de production<\/strong>, charg\u00e9 de d\u00e9finir les descriptions de poste de chaque employ\u00e9 dans le processus de production<\/li>\n<li><strong>Responsables de secteur et vendeurs<\/strong>\u00a0ayant une forte orientation commerciale et une exp\u00e9rience dans le domaine des machines \u00e0 bois<\/li>\n<li><strong>Employ\u00e9s de montage et de service m\u00e9caniques<\/strong>, \u00e9galement dispos\u00e9s \u00e0 travailler sur la route, ayant \u00e9ventuellement une exp\u00e9rience dans le domaine des machines \u00e0 bois<\/li>\n<li><strong>Employ\u00e9s de montage et de service \u00e9lectrotechniques<\/strong>, \u00e9galement dispos\u00e9s \u00e0 travailler loin de chez eux, ayant \u00e9ventuellement une exp\u00e9rience dans le domaine des machines \u00e0 bois<\/li>\n<li><strong>Employ\u00e9s charg\u00e9s<\/strong>\u00a0des essais et du service apr\u00e8s-vente dans les usines, \u00e9galement dispos\u00e9s \u00e0 travailler loin de chez eux, ayant \u00e9ventuellement une exp\u00e9rience dans le secteur des machines \u00e0 bois<\/li>\n<li><strong>Magasinier<\/strong>\u00a0<strong>junior<\/strong>, \u00e9ventuellement avec une exp\u00e9rience dans le domaine des machines \u00e0 bois<\/li>\n<\/ul>\n","protected":false},"excerpt":{"rendered":"<p>Nos opportunit\u00e9 d&#8217;emploi Chaque jour, nous nous concentrons sur l\u2019avenir, nous innovons, nous fabriquons des machines, nous concevons de nouvelles solutions, nous rendons possible les aspirations de nos clients, nous [&hellip;]<\/p>\n","protected":false},"author":712,"featured_media":0,"parent":0,"menu_order":8,"comment_status":"closed","ping_status":"closed","template":"template-work-with-us.php","meta":{"_acf_changed":false,"footnotes":""},"class_list":["post-4254","page","type-page","status-publish","hentry"],"acf":[],"yoast_head":"<!-- This site is optimized with the Yoast SEO plugin v27.2 - https:\/\/yoast.com\/product\/yoast-seo-wordpress\/ -->\n<title>Envoyez-nous votre CV : nous recherchons des personnes de qualit\u00e9!<\/title>\n<meta name=\"description\" content=\"Giardina Group peut \u00eatre une opportunit\u00e9 d&#039;emploi s\u00e9rieuse : d\u00e9couvrez les chiffres que nous recherchons actuellement\" \/>\n<meta name=\"robots\" content=\"index, follow, max-snippet:-1, max-image-preview:large, max-video-preview:-1\" \/>\n<link rel=\"canonical\" href=\"https:\/\/www.giardinagroup.com\/fr\/travail-avec-nous\/\" \/>\n<meta property=\"og:locale\" content=\"fr_FR\" \/>\n<meta property=\"og:type\" content=\"article\" \/>\n<meta property=\"og:title\" content=\"Envoyez-nous votre CV : nous recherchons des personnes de qualit\u00e9!\" \/>\n<meta property=\"og:description\" content=\"Giardina Group peut \u00eatre une opportunit\u00e9 d&#039;emploi s\u00e9rieuse : d\u00e9couvrez les chiffres que nous recherchons actuellement\" \/>\n<meta property=\"og:url\" content=\"https:\/\/www.giardinagroup.com\/fr\/travail-avec-nous\/\" \/>\n<meta property=\"og:site_name\" content=\"Giardina Group\" \/>\n<meta property=\"article:publisher\" content=\"https:\/\/www.facebook.com\/GiardinaGroupItaly\/\" \/>\n<meta property=\"article:modified_time\" content=\"2023-02-08T22:17:11+00:00\" \/>\n<meta name=\"twitter:card\" content=\"summary_large_image\" \/>\n<meta name=\"twitter:label1\" content=\"Dur\u00e9e de lecture estim\u00e9e\" \/>\n\t<meta name=\"twitter:data1\" content=\"2 minutes\" \/>\n<script type=\"application\/ld+json\" class=\"yoast-schema-graph\">{\"@context\":\"https:\/\/schema.org\",\"@graph\":[{\"@type\":\"WebPage\",\"@id\":\"https:\/\/www.giardinagroup.com\/fr\/travail-avec-nous\/\",\"url\":\"https:\/\/www.giardinagroup.com\/fr\/travail-avec-nous\/\",\"name\":\"Envoyez-nous votre CV : nous recherchons des personnes de qualit\u00e9!\",\"isPartOf\":{\"@id\":\"https:\/\/www.giardinagroup.com\/fr\/#website\"},\"datePublished\":\"2022-12-29T22:09:22+00:00\",\"dateModified\":\"2023-02-08T22:17:11+00:00\",\"description\":\"Giardina Group peut \u00eatre une opportunit\u00e9 d'emploi s\u00e9rieuse : d\u00e9couvrez les chiffres que nous recherchons actuellement\",\"breadcrumb\":{\"@id\":\"https:\/\/www.giardinagroup.com\/fr\/travail-avec-nous\/#breadcrumb\"},\"inLanguage\":\"fr-FR\",\"potentialAction\":[{\"@type\":\"ReadAction\",\"target\":[\"https:\/\/www.giardinagroup.com\/fr\/travail-avec-nous\/\"]}]},{\"@type\":\"BreadcrumbList\",\"@id\":\"https:\/\/www.giardinagroup.com\/fr\/travail-avec-nous\/#breadcrumb\",\"itemListElement\":[{\"@type\":\"ListItem\",\"position\":1,\"name\":\"Home\",\"item\":\"https:\/\/www.giardinagroup.com\/fr\/\"},{\"@type\":\"ListItem\",\"position\":2,\"name\":\"Travail avec nous\"}]},{\"@type\":\"WebSite\",\"@id\":\"https:\/\/www.giardinagroup.com\/fr\/#website\",\"url\":\"https:\/\/www.giardinagroup.com\/fr\/\",\"name\":\"Giardina Group\",\"description\":\"\",\"potentialAction\":[{\"@type\":\"SearchAction\",\"target\":{\"@type\":\"EntryPoint\",\"urlTemplate\":\"https:\/\/www.giardinagroup.com\/fr\/?s={search_term_string}\"},\"query-input\":{\"@type\":\"PropertyValueSpecification\",\"valueRequired\":true,\"valueName\":\"search_term_string\"}}],\"inLanguage\":\"fr-FR\"}]}<\/script>\n<!-- \/ Yoast SEO plugin. -->","yoast_head_json":{"title":"Envoyez-nous votre CV : nous recherchons des personnes de qualit\u00e9!","description":"Giardina Group peut \u00eatre une opportunit\u00e9 d'emploi s\u00e9rieuse : d\u00e9couvrez les chiffres que nous recherchons actuellement","robots":{"index":"index","follow":"follow","max-snippet":"max-snippet:-1","max-image-preview":"max-image-preview:large","max-video-preview":"max-video-preview:-1"},"canonical":"https:\/\/www.giardinagroup.com\/fr\/travail-avec-nous\/","og_locale":"fr_FR","og_type":"article","og_title":"Envoyez-nous votre CV : nous recherchons des personnes de qualit\u00e9!","og_description":"Giardina Group peut \u00eatre une opportunit\u00e9 d'emploi s\u00e9rieuse : d\u00e9couvrez les chiffres que nous recherchons actuellement","og_url":"https:\/\/www.giardinagroup.com\/fr\/travail-avec-nous\/","og_site_name":"Giardina Group","article_publisher":"https:\/\/www.facebook.com\/GiardinaGroupItaly\/","article_modified_time":"2023-02-08T22:17:11+00:00","twitter_card":"summary_large_image","twitter_misc":{"Dur\u00e9e de lecture estim\u00e9e":"2 minutes"},"schema":{"@context":"https:\/\/schema.org","@graph":[{"@type":"WebPage","@id":"https:\/\/www.giardinagroup.com\/fr\/travail-avec-nous\/","url":"https:\/\/www.giardinagroup.com\/fr\/travail-avec-nous\/","name":"Envoyez-nous votre CV : nous recherchons des personnes de qualit\u00e9!","isPartOf":{"@id":"https:\/\/www.giardinagroup.com\/fr\/#website"},"datePublished":"2022-12-29T22:09:22+00:00","dateModified":"2023-02-08T22:17:11+00:00","description":"Giardina Group peut \u00eatre une opportunit\u00e9 d'emploi s\u00e9rieuse : d\u00e9couvrez les chiffres que nous recherchons actuellement","breadcrumb":{"@id":"https:\/\/www.giardinagroup.com\/fr\/travail-avec-nous\/#breadcrumb"},"inLanguage":"fr-FR","potentialAction":[{"@type":"ReadAction","target":["https:\/\/www.giardinagroup.com\/fr\/travail-avec-nous\/"]}]},{"@type":"BreadcrumbList","@id":"https:\/\/www.giardinagroup.com\/fr\/travail-avec-nous\/#breadcrumb","itemListElement":[{"@type":"ListItem","position":1,"name":"Home","item":"https:\/\/www.giardinagroup.com\/fr\/"},{"@type":"ListItem","position":2,"name":"Travail avec nous"}]},{"@type":"WebSite","@id":"https:\/\/www.giardinagroup.com\/fr\/#website","url":"https:\/\/www.giardinagroup.com\/fr\/","name":"Giardina Group","description":"","potentialAction":[{"@type":"SearchAction","target":{"@type":"EntryPoint","urlTemplate":"https:\/\/www.giardinagroup.com\/fr\/?s={search_term_string}"},"query-input":{"@type":"PropertyValueSpecification","valueRequired":true,"valueName":"search_term_string"}}],"inLanguage":"fr-FR"}]}},"_links":{"self":[{"href":"https:\/\/www.giardinagroup.com\/fr\/wp-json\/wp\/v2\/pages\/4254","targetHints":{"allow":["GET"]}}],"collection":[{"href":"https:\/\/www.giardinagroup.com\/fr\/wp-json\/wp\/v2\/pages"}],"about":[{"href":"https:\/\/www.giardinagroup.com\/fr\/wp-json\/wp\/v2\/types\/page"}],"author":[{"embeddable":true,"href":"https:\/\/www.giardinagroup.com\/fr\/wp-json\/wp\/v2\/users\/712"}],"replies":[{"embeddable":true,"href":"https:\/\/www.giardinagroup.com\/fr\/wp-json\/wp\/v2\/comments?post=4254"}],"version-history":[{"count":3,"href":"https:\/\/www.giardinagroup.com\/fr\/wp-json\/wp\/v2\/pages\/4254\/revisions"}],"predecessor-version":[{"id":5951,"href":"https:\/\/www.giardinagroup.com\/fr\/wp-json\/wp\/v2\/pages\/4254\/revisions\/5951"}],"wp:attachment":[{"href":"https:\/\/www.giardinagroup.com\/fr\/wp-json\/wp\/v2\/media?parent=4254"}],"curies":[{"name":"wp","href":"https:\/\/api.w.org\/{rel}","templated":true}]}}