{"id":4151,"date":"2022-12-23T23:25:29","date_gmt":"2022-12-23T22:25:29","guid":{"rendered":"https:\/\/www.giardinagroup.com\/?page_id=4151"},"modified":"2024-11-11T11:39:40","modified_gmt":"2024-11-11T10:39:40","slug":"contacts-giardina-group","status":"publish","type":"page","link":"https:\/\/www.giardinagroup.com\/fr\/contacts-giardina-group\/","title":{"rendered":"\u00c9crivez-nous"},"content":{"rendered":"<h2>Giardina Group<\/h2>\n<hr \/>\n<p>Via Vico Necchi, 63<br \/>\nI-22060 Figino Serenza (CO) &#8211; Italie<br \/>\n<span id=\"Label1\">phone\u00a0\u00a0<\/span>+39 031 7830801<br \/>\n<span id=\"Label2\">fax\u00a0\u00a0<\/span>+39 031 781650<br \/>\n<a href=\"mailto:info@giardinagroup.com?subject=Informazioni\">info@giardinagroup.com<\/a><\/p>\n","protected":false},"excerpt":{"rendered":"<p>Giardina Group Via Vico Necchi, 63 I-22060 Figino Serenza (CO) &#8211; Italie phone\u00a0\u00a0+39 031 7830801 fax\u00a0\u00a0+39 031 781650 info@giardinagroup.com<\/p>\n","protected":false},"author":712,"featured_media":0,"parent":0,"menu_order":6,"comment_status":"closed","ping_status":"closed","template":"template-contacts.php","meta":{"_acf_changed":false,"footnotes":""},"class_list":["post-4151","page","type-page","status-publish","hentry"],"acf":[],"yoast_head":"<!-- This site is optimized with the Yoast SEO plugin v27.2 - https:\/\/yoast.com\/product\/yoast-seo-wordpress\/ -->\n<title>Vous recherchez de grandes machines de traitement des mat\u00e9riaux ?<\/title>\n<meta name=\"description\" content=\"Si vous avez des exigences particuli\u00e8res ou si vous avez besoin d&#039;aide, n&#039;h\u00e9sitez pas \u00e0 contacter le Groupe Giardina, vous trouverez ici toutes nos r\u00e9f\u00e9rences\" \/>\n<meta name=\"robots\" content=\"index, follow, max-snippet:-1, max-image-preview:large, max-video-preview:-1\" \/>\n<link rel=\"canonical\" href=\"https:\/\/www.giardinagroup.com\/fr\/contacts-giardina-group\/\" \/>\n<meta property=\"og:locale\" content=\"fr_FR\" \/>\n<meta property=\"og:type\" content=\"article\" \/>\n<meta property=\"og:title\" content=\"Vous recherchez de grandes machines de traitement des mat\u00e9riaux ?\" \/>\n<meta property=\"og:description\" content=\"Si vous avez des exigences particuli\u00e8res ou si vous avez besoin d&#039;aide, n&#039;h\u00e9sitez pas \u00e0 contacter le Groupe Giardina, vous trouverez ici toutes nos r\u00e9f\u00e9rences\" \/>\n<meta property=\"og:url\" content=\"https:\/\/www.giardinagroup.com\/fr\/contacts-giardina-group\/\" \/>\n<meta property=\"og:site_name\" content=\"Giardina Group\" \/>\n<meta property=\"article:publisher\" content=\"https:\/\/www.facebook.com\/GiardinaGroupItaly\/\" \/>\n<meta property=\"article:modified_time\" content=\"2024-11-11T10:39:40+00:00\" \/>\n<meta name=\"twitter:card\" content=\"summary_large_image\" \/>\n<meta name=\"twitter:label1\" content=\"Dur\u00e9e de lecture estim\u00e9e\" \/>\n\t<meta name=\"twitter:data1\" content=\"1 minute\" \/>\n<script type=\"application\/ld+json\" class=\"yoast-schema-graph\">{\"@context\":\"https:\/\/schema.org\",\"@graph\":[{\"@type\":\"WebPage\",\"@id\":\"https:\/\/www.giardinagroup.com\/fr\/contacts-giardina-group\/\",\"url\":\"https:\/\/www.giardinagroup.com\/fr\/contacts-giardina-group\/\",\"name\":\"Vous recherchez de grandes machines de traitement des mat\u00e9riaux ?\",\"isPartOf\":{\"@id\":\"https:\/\/www.giardinagroup.com\/fr\/#website\"},\"datePublished\":\"2022-12-23T22:25:29+00:00\",\"dateModified\":\"2024-11-11T10:39:40+00:00\",\"description\":\"Si vous avez des exigences particuli\u00e8res ou si vous avez besoin d'aide, n'h\u00e9sitez pas \u00e0 contacter le Groupe Giardina, vous trouverez ici toutes nos r\u00e9f\u00e9rences\",\"breadcrumb\":{\"@id\":\"https:\/\/www.giardinagroup.com\/fr\/contacts-giardina-group\/#breadcrumb\"},\"inLanguage\":\"fr-FR\",\"potentialAction\":[{\"@type\":\"ReadAction\",\"target\":[\"https:\/\/www.giardinagroup.com\/fr\/contacts-giardina-group\/\"]}]},{\"@type\":\"BreadcrumbList\",\"@id\":\"https:\/\/www.giardinagroup.com\/fr\/contacts-giardina-group\/#breadcrumb\",\"itemListElement\":[{\"@type\":\"ListItem\",\"position\":1,\"name\":\"Home\",\"item\":\"https:\/\/www.giardinagroup.com\/fr\/\"},{\"@type\":\"ListItem\",\"position\":2,\"name\":\"\u00c9crivez-nous\"}]},{\"@type\":\"WebSite\",\"@id\":\"https:\/\/www.giardinagroup.com\/fr\/#website\",\"url\":\"https:\/\/www.giardinagroup.com\/fr\/\",\"name\":\"Giardina Group\",\"description\":\"\",\"potentialAction\":[{\"@type\":\"SearchAction\",\"target\":{\"@type\":\"EntryPoint\",\"urlTemplate\":\"https:\/\/www.giardinagroup.com\/fr\/?s={search_term_string}\"},\"query-input\":{\"@type\":\"PropertyValueSpecification\",\"valueRequired\":true,\"valueName\":\"search_term_string\"}}],\"inLanguage\":\"fr-FR\"}]}<\/script>\n<!-- \/ Yoast SEO plugin. -->","yoast_head_json":{"title":"Vous recherchez de grandes machines de traitement des mat\u00e9riaux ?","description":"Si vous avez des exigences particuli\u00e8res ou si vous avez besoin d'aide, n'h\u00e9sitez pas \u00e0 contacter le Groupe Giardina, vous trouverez ici toutes nos r\u00e9f\u00e9rences","robots":{"index":"index","follow":"follow","max-snippet":"max-snippet:-1","max-image-preview":"max-image-preview:large","max-video-preview":"max-video-preview:-1"},"canonical":"https:\/\/www.giardinagroup.com\/fr\/contacts-giardina-group\/","og_locale":"fr_FR","og_type":"article","og_title":"Vous recherchez de grandes machines de traitement des mat\u00e9riaux ?","og_description":"Si vous avez des exigences particuli\u00e8res ou si vous avez besoin d'aide, n'h\u00e9sitez pas \u00e0 contacter le Groupe Giardina, vous trouverez ici toutes nos r\u00e9f\u00e9rences","og_url":"https:\/\/www.giardinagroup.com\/fr\/contacts-giardina-group\/","og_site_name":"Giardina Group","article_publisher":"https:\/\/www.facebook.com\/GiardinaGroupItaly\/","article_modified_time":"2024-11-11T10:39:40+00:00","twitter_card":"summary_large_image","twitter_misc":{"Dur\u00e9e de lecture estim\u00e9e":"1 minute"},"schema":{"@context":"https:\/\/schema.org","@graph":[{"@type":"WebPage","@id":"https:\/\/www.giardinagroup.com\/fr\/contacts-giardina-group\/","url":"https:\/\/www.giardinagroup.com\/fr\/contacts-giardina-group\/","name":"Vous recherchez de grandes machines de traitement des mat\u00e9riaux ?","isPartOf":{"@id":"https:\/\/www.giardinagroup.com\/fr\/#website"},"datePublished":"2022-12-23T22:25:29+00:00","dateModified":"2024-11-11T10:39:40+00:00","description":"Si vous avez des exigences particuli\u00e8res ou si vous avez besoin d'aide, n'h\u00e9sitez pas \u00e0 contacter le Groupe Giardina, vous trouverez ici toutes nos r\u00e9f\u00e9rences","breadcrumb":{"@id":"https:\/\/www.giardinagroup.com\/fr\/contacts-giardina-group\/#breadcrumb"},"inLanguage":"fr-FR","potentialAction":[{"@type":"ReadAction","target":["https:\/\/www.giardinagroup.com\/fr\/contacts-giardina-group\/"]}]},{"@type":"BreadcrumbList","@id":"https:\/\/www.giardinagroup.com\/fr\/contacts-giardina-group\/#breadcrumb","itemListElement":[{"@type":"ListItem","position":1,"name":"Home","item":"https:\/\/www.giardinagroup.com\/fr\/"},{"@type":"ListItem","position":2,"name":"\u00c9crivez-nous"}]},{"@type":"WebSite","@id":"https:\/\/www.giardinagroup.com\/fr\/#website","url":"https:\/\/www.giardinagroup.com\/fr\/","name":"Giardina Group","description":"","potentialAction":[{"@type":"SearchAction","target":{"@type":"EntryPoint","urlTemplate":"https:\/\/www.giardinagroup.com\/fr\/?s={search_term_string}"},"query-input":{"@type":"PropertyValueSpecification","valueRequired":true,"valueName":"search_term_string"}}],"inLanguage":"fr-FR"}]}},"_links":{"self":[{"href":"https:\/\/www.giardinagroup.com\/fr\/wp-json\/wp\/v2\/pages\/4151","targetHints":{"allow":["GET"]}}],"collection":[{"href":"https:\/\/www.giardinagroup.com\/fr\/wp-json\/wp\/v2\/pages"}],"about":[{"href":"https:\/\/www.giardinagroup.com\/fr\/wp-json\/wp\/v2\/types\/page"}],"author":[{"embeddable":true,"href":"https:\/\/www.giardinagroup.com\/fr\/wp-json\/wp\/v2\/users\/712"}],"replies":[{"embeddable":true,"href":"https:\/\/www.giardinagroup.com\/fr\/wp-json\/wp\/v2\/comments?post=4151"}],"version-history":[{"count":2,"href":"https:\/\/www.giardinagroup.com\/fr\/wp-json\/wp\/v2\/pages\/4151\/revisions"}],"predecessor-version":[{"id":9011,"href":"https:\/\/www.giardinagroup.com\/fr\/wp-json\/wp\/v2\/pages\/4151\/revisions\/9011"}],"wp:attachment":[{"href":"https:\/\/www.giardinagroup.com\/fr\/wp-json\/wp\/v2\/media?parent=4151"}],"curies":[{"name":"wp","href":"https:\/\/api.w.org\/{rel}","templated":true}]}}