{"id":4014,"date":"2022-12-20T09:12:22","date_gmt":"2022-12-20T08:12:22","guid":{"rendered":"https:\/\/www.giardinagroup.com\/?page_id=4014"},"modified":"2026-03-08T21:18:42","modified_gmt":"2026-03-08T20:18:42","slug":"giardinagroup","status":"publish","type":"page","link":"https:\/\/www.giardinagroup.com\/fr\/","title":{"rendered":"Giardina Group"},"content":{"rendered":"<p><b>Giardina Group<\/b>\u00a0est un leader mondial des technologies de peinture du bois, du verre, des mat\u00e9riaux composites, du plastique, du m\u00e9tal.<\/p>\n<p>Il est n\u00e9 de la fusion de\u00a0<b>Mauri Macchine\u00a0<\/b>et\u00a0<b>Giardina Finishing<\/b>, soci\u00e9t\u00e9s fond\u00e9es au d\u00e9but des\u00a0<b>ann\u00e9es 70<\/b>, et de la r\u00e9cente acquisition de\u00a0<b>De Stefani<\/b>, tous<span class=\"Apple-converted-space\">\u00a0\u00a0<\/span>protagonistes depuis des d\u00e9cennies dans les diff\u00e9rents secteurs de la peinture, de la finition et du pon\u00e7age. Des comp\u00e9tences, un professionnalisme et des exp\u00e9riences r\u00e9unis depuis 2017 dans un\u00a0<b>grand centre technologique unique<\/b>\u00a0qui propose\u00a0<b>le plus grand programme de production\u00a0<\/b>du secteur: de l\u2019impr\u00e9gnation des poutres au traitement des plaques de verre \u201cJumbo\u201d, de la finition des bords et des profils aux installations robotis\u00e9es sophistiqu\u00e9es pour la peinture des fen\u00eatres\/portes et du mobilier, jusqu\u2019aux solutions de tr\u00e8s haute qualit\u00e9 pour le <strong>pon\u00e7age<\/strong>.<br \/>\nEn 2023, Giardina Group a lanc\u00e9 un <strong>nouveau partenariat industriel<\/strong> qui a conduit \u00e0 l\u2019acquisition de <a href=\"https:\/\/www.marval.glass\/\"><strong>Marval<\/strong><\/a>, sp\u00e9cialiste des technologies pour la production de vitrage isolant, et \u00e0 partir de 2025 des activit\u00e9s de <a href=\"https:\/\/www.cmlfinishing.it\/it\"><strong>Cml Finishing<\/strong><\/a>, entreprise leader dans la peinture des fen\u00eatres et des portes.<\/p>\n<p>Conception, d\u00e9veloppement et production de\u00a0<b>machines et de syst\u00e8mes complets pour la peinture\u00a0<\/b>au rouleau, au voile et au pistolet;\u00a0<b>lignes automatis\u00e9es et robotis\u00e9es<\/b>\u00a0avec des syst\u00e8mes de s\u00e9chage \u00e0 air chaud, UV ou micro-ondes;\u00a0<b>lignes a\u00e9riennes<\/b>\u00a0pour peindre des portes et fen\u00eatres ou des pi\u00e8ces en trois dimensions, des\u00a0<b>cabines de peinture<\/b>\u00a0et des\u00a0<b>syst\u00e8mes sp\u00e9ciaux<\/b>, des solutions pour le pon\u00e7age des chants, des profils et des surfaces. Ce sont, en r\u00e9sum\u00e9, les domaines technologiques g\u00e9r\u00e9s par Giardina Group (70 employ\u00e9s, un chiffre d\u2019affaires d\u2019environ 20 millions d\u2019euros et une exportation de 95%).<\/p>\n<p>D\u00e9sormais le groupe est organis\u00e9 sur deux sites de production: depuis Janvier 2018 les activit\u00e9s li\u00e9es au finishing sont situ\u00e9es dans les grands espaces de\u00a0<strong>Figino Serenza\u00a0<\/strong>(Como, Italie), le si\u00e8ge historique de Giardina Finishing, tandis que la production de solutions pour l\u2019\u00e9grenage est localis\u00e9e dans la nouvelle maison de Destefani, qui a d\u00e9m\u00e9nag\u00e9e en D\u00e9cembre 2021 de son si\u00e8ge historique de Giussano (Monza e Brianza) vers des nouveaux locaux \u00e0\u00a0<strong>Novedrate\u00a0<\/strong>(Como, Italie).<\/p>\n","protected":false},"excerpt":{"rendered":"<p>Giardina Group\u00a0est un leader mondial des technologies de peinture du bois, du verre, des mat\u00e9riaux composites, du plastique, du m\u00e9tal. Il est n\u00e9 de la fusion de\u00a0Mauri Macchine\u00a0et\u00a0Giardina Finishing, soci\u00e9t\u00e9s [&hellip;]<\/p>\n","protected":false},"author":712,"featured_media":0,"parent":0,"menu_order":0,"comment_status":"closed","ping_status":"closed","template":"","meta":{"_acf_changed":false,"footnotes":""},"class_list":["post-4014","page","type-page","status-publish","hentry"],"acf":[],"yoast_head":"<!-- This site is optimized with the Yoast SEO plugin v27.2 - https:\/\/yoast.com\/product\/yoast-seo-wordpress\/ -->\n<title>Giardina Group - machines et syst\u00e8mes complets de peinture<\/title>\n<meta name=\"description\" content=\"Le groupe Giardina produit des technologies pour la peinture du bois, du verre, des mat\u00e9riaux composites, du plastique et du m\u00e9tal.\" \/>\n<meta name=\"robots\" content=\"index, follow, max-snippet:-1, max-image-preview:large, max-video-preview:-1\" \/>\n<link rel=\"canonical\" href=\"https:\/\/www.giardinagroup.com\/fr\/\" \/>\n<meta property=\"og:locale\" content=\"fr_FR\" \/>\n<meta property=\"og:type\" content=\"article\" \/>\n<meta property=\"og:title\" content=\"Giardina Group - machines et syst\u00e8mes complets de peinture\" \/>\n<meta property=\"og:description\" content=\"Le groupe Giardina produit des technologies pour la peinture du bois, du verre, des mat\u00e9riaux composites, du plastique et du m\u00e9tal.\" \/>\n<meta property=\"og:url\" content=\"https:\/\/www.giardinagroup.com\/fr\/\" \/>\n<meta property=\"og:site_name\" content=\"Giardina Group\" \/>\n<meta property=\"article:publisher\" content=\"https:\/\/www.facebook.com\/GiardinaGroupItaly\/\" \/>\n<meta property=\"article:modified_time\" content=\"2026-03-08T20:18:42+00:00\" \/>\n<meta name=\"twitter:card\" content=\"summary_large_image\" \/>\n<meta name=\"twitter:label1\" content=\"Dur\u00e9e de lecture estim\u00e9e\" \/>\n\t<meta name=\"twitter:data1\" content=\"2 minutes\" \/>\n<script type=\"application\/ld+json\" class=\"yoast-schema-graph\">{\"@context\":\"https:\/\/schema.org\",\"@graph\":[{\"@type\":\"WebPage\",\"@id\":\"https:\/\/www.giardinagroup.com\/fr\/\",\"url\":\"https:\/\/www.giardinagroup.com\/fr\/\",\"name\":\"Giardina Group - machines et syst\u00e8mes complets de peinture\",\"isPartOf\":{\"@id\":\"https:\/\/www.giardinagroup.com\/fr\/#website\"},\"datePublished\":\"2022-12-20T08:12:22+00:00\",\"dateModified\":\"2026-03-08T20:18:42+00:00\",\"description\":\"Le groupe Giardina produit des technologies pour la peinture du bois, du verre, des mat\u00e9riaux composites, du plastique et du m\u00e9tal.\",\"breadcrumb\":{\"@id\":\"https:\/\/www.giardinagroup.com\/fr\/#breadcrumb\"},\"inLanguage\":\"fr-FR\",\"potentialAction\":[{\"@type\":\"ReadAction\",\"target\":[\"https:\/\/www.giardinagroup.com\/fr\/\"]}]},{\"@type\":\"BreadcrumbList\",\"@id\":\"https:\/\/www.giardinagroup.com\/fr\/#breadcrumb\",\"itemListElement\":[{\"@type\":\"ListItem\",\"position\":1,\"name\":\"Home\",\"item\":\"https:\/\/www.giardinagroup.com\/fr\/\"},{\"@type\":\"ListItem\",\"position\":2,\"name\":\"Giardina Group\"}]},{\"@type\":\"WebSite\",\"@id\":\"https:\/\/www.giardinagroup.com\/fr\/#website\",\"url\":\"https:\/\/www.giardinagroup.com\/fr\/\",\"name\":\"Giardina Group\",\"description\":\"\",\"potentialAction\":[{\"@type\":\"SearchAction\",\"target\":{\"@type\":\"EntryPoint\",\"urlTemplate\":\"https:\/\/www.giardinagroup.com\/fr\/?s={search_term_string}\"},\"query-input\":{\"@type\":\"PropertyValueSpecification\",\"valueRequired\":true,\"valueName\":\"search_term_string\"}}],\"inLanguage\":\"fr-FR\"}]}<\/script>\n<!-- \/ Yoast SEO plugin. -->","yoast_head_json":{"title":"Giardina Group - machines et syst\u00e8mes complets de peinture","description":"Le groupe Giardina produit des technologies pour la peinture du bois, du verre, des mat\u00e9riaux composites, du plastique et du m\u00e9tal.","robots":{"index":"index","follow":"follow","max-snippet":"max-snippet:-1","max-image-preview":"max-image-preview:large","max-video-preview":"max-video-preview:-1"},"canonical":"https:\/\/www.giardinagroup.com\/fr\/","og_locale":"fr_FR","og_type":"article","og_title":"Giardina Group - machines et syst\u00e8mes complets de peinture","og_description":"Le groupe Giardina produit des technologies pour la peinture du bois, du verre, des mat\u00e9riaux composites, du plastique et du m\u00e9tal.","og_url":"https:\/\/www.giardinagroup.com\/fr\/","og_site_name":"Giardina Group","article_publisher":"https:\/\/www.facebook.com\/GiardinaGroupItaly\/","article_modified_time":"2026-03-08T20:18:42+00:00","twitter_card":"summary_large_image","twitter_misc":{"Dur\u00e9e de lecture estim\u00e9e":"2 minutes"},"schema":{"@context":"https:\/\/schema.org","@graph":[{"@type":"WebPage","@id":"https:\/\/www.giardinagroup.com\/fr\/","url":"https:\/\/www.giardinagroup.com\/fr\/","name":"Giardina Group - machines et syst\u00e8mes complets de peinture","isPartOf":{"@id":"https:\/\/www.giardinagroup.com\/fr\/#website"},"datePublished":"2022-12-20T08:12:22+00:00","dateModified":"2026-03-08T20:18:42+00:00","description":"Le groupe Giardina produit des technologies pour la peinture du bois, du verre, des mat\u00e9riaux composites, du plastique et du m\u00e9tal.","breadcrumb":{"@id":"https:\/\/www.giardinagroup.com\/fr\/#breadcrumb"},"inLanguage":"fr-FR","potentialAction":[{"@type":"ReadAction","target":["https:\/\/www.giardinagroup.com\/fr\/"]}]},{"@type":"BreadcrumbList","@id":"https:\/\/www.giardinagroup.com\/fr\/#breadcrumb","itemListElement":[{"@type":"ListItem","position":1,"name":"Home","item":"https:\/\/www.giardinagroup.com\/fr\/"},{"@type":"ListItem","position":2,"name":"Giardina Group"}]},{"@type":"WebSite","@id":"https:\/\/www.giardinagroup.com\/fr\/#website","url":"https:\/\/www.giardinagroup.com\/fr\/","name":"Giardina Group","description":"","potentialAction":[{"@type":"SearchAction","target":{"@type":"EntryPoint","urlTemplate":"https:\/\/www.giardinagroup.com\/fr\/?s={search_term_string}"},"query-input":{"@type":"PropertyValueSpecification","valueRequired":true,"valueName":"search_term_string"}}],"inLanguage":"fr-FR"}]}},"_links":{"self":[{"href":"https:\/\/www.giardinagroup.com\/fr\/wp-json\/wp\/v2\/pages\/4014","targetHints":{"allow":["GET"]}}],"collection":[{"href":"https:\/\/www.giardinagroup.com\/fr\/wp-json\/wp\/v2\/pages"}],"about":[{"href":"https:\/\/www.giardinagroup.com\/fr\/wp-json\/wp\/v2\/types\/page"}],"author":[{"embeddable":true,"href":"https:\/\/www.giardinagroup.com\/fr\/wp-json\/wp\/v2\/users\/712"}],"replies":[{"embeddable":true,"href":"https:\/\/www.giardinagroup.com\/fr\/wp-json\/wp\/v2\/comments?post=4014"}],"version-history":[{"count":8,"href":"https:\/\/www.giardinagroup.com\/fr\/wp-json\/wp\/v2\/pages\/4014\/revisions"}],"predecessor-version":[{"id":11874,"href":"https:\/\/www.giardinagroup.com\/fr\/wp-json\/wp\/v2\/pages\/4014\/revisions\/11874"}],"wp:attachment":[{"href":"https:\/\/www.giardinagroup.com\/fr\/wp-json\/wp\/v2\/media?parent=4014"}],"curies":[{"name":"wp","href":"https:\/\/api.w.org\/{rel}","templated":true}]}}