{"id":3175,"date":"2022-12-29T21:23:37","date_gmt":"2022-12-29T20:23:37","guid":{"rendered":"https:\/\/www.giardinagroup.com\/?page_id=3175"},"modified":"2026-02-19T11:17:45","modified_gmt":"2026-02-19T10:17:45","slug":"press-area-giardina-group-download","status":"publish","type":"page","link":"https:\/\/www.giardinagroup.com\/fr\/press-area-giardina-group-download\/","title":{"rendered":"Area Press"},"content":{"rendered":"<h2>Download<\/h2>\n<hr \/>\n<p>Cliquez sur le dossier ou les documents qui vous int\u00e9ressent pour t\u00e9l\u00e9charger son contenu.<\/p>\n<p>Pour toute information compl\u00e9mentaire:<br \/>\n<em><strong>Luca Rossetti<\/strong><\/em><em><br \/>\n<a href=\"mailto:press@giardinagroup.com\">press@giardinagroup.com<\/a><\/em><\/p>\n<p>&nbsp;<\/p>\n<p><a href=\"https:\/\/www.giardinagroup.com\/wp-press\/PRESS_KIT_Giardina_Group_Xylexpo_2024.zip\">GIARDINA GROUP at XYLEXPO 2024<\/a>\u00a0\u2013 May, 2024<\/p>\n<p><a href=\"https:\/\/www.giardinagroup.com\/wp-press\/PRESS_KIT_GIARDINA_GROUP_2023-2024_EN.pdf\" target=\"_blank\" rel=\"noopener\">AN EXCELLENT 2023 AND MANY NEW PROJECTS FOR 2024<\/a>\u00a0\u2013 January, 2024<\/p>\n<p><a href=\"https:\/\/www.giardinagroup.com\/wp-press\/PRESS_KIT_Giardina_Group_Ligna_2023-EN.zip\">GIARDINA GROUP at LIGNA 2023<\/a>\u00a0\u2013 May, 2023<\/p>\n<p><a href=\"https:\/\/www.giardinagroup.com\/wp-press\/PRESS%20KIT%20XYLEXPO%202022%20EN.zip\">GIARDINA GROUP Xylexpo 2022<\/a>\u00a0\u2013 October, 2022<\/p>\n<p><a href=\"https:\/\/www.giardinagroup.com\/wp-press\/GIARDINA%20GROUP_BILANCIO2020.7z\">GIARDINA GROUP balance 2020<\/a>\u00a0\u2013 February 4, 2021<\/p>\n<p><a href=\"https:\/\/www.giardinagroup.com\/wp-press\/COMUNICATOSTAMPAACQUISIZIONEDESTEFANI.zip\">GIARDINA GROUP takes over DE STEFANI<\/a>\u00a0\u2013 June 1, 2020<\/p>\n<p><a href=\"https:\/\/www.giardinagroup.com\/wp-press\/15-XIPC-febbraio2020.zip\">GIARDINA GROUP at XIPC 2020\u00a0<\/a>\u2013 February 20, 2020<\/p>\n<p><a href=\"https:\/\/www.giardinagroup.com\/wp-press\/14-TRADE-DAY2019.zip\">GMIC Trade Days 2019<\/a>\u00a0\u2013\u00a0<span class=\"s1\">December 20, 2020<\/span><\/p>\n<p><a href=\"https:\/\/www.giardinagroup.com\/wp-press\/GIARDINA-GROUP-a-LIGNA-2019.zip\">GIARDINA GROUP at LIGNA 2019\u00a0<\/a>\u2013\u00a0<span class=\"s1\">May 27, 2019<\/span><\/p>\n<p><a href=\"https:\/\/www.giardinagroup.com\/wp-press\/GIARDINA_GROUP_XYLEXPO2018.zip\">GIARDINA GROUP at XYLEXPO 2018\u00a0<\/a>\u2013 May 8, 2018<\/p>\n<p><a href=\"https:\/\/www.giardinagroup.com\/wp-press\/10-GIARDINA-GROUP-a-XIPC-2018.zip\">GIARDINA GROUP at XIPC 2018<\/a>\u00a0\u2013 January 23, 2018<\/p>\n<p><a href=\"https:\/\/www.giardinagroup.com\/wp-press\/09-GIARDINA-GROUP-post-Ligna-2017.zip\">GIARDINA GROUP at Ligna 2017<\/a>\u00a0\u2013 June 8, 2017<\/p>\n<p><a href=\"https:\/\/www.giardinagroup.com\/wp-press\/08-NASCE-GIARDINA-GROUP.zip\">GIARDINA GROUP IS BORN<\/a>\u2013 May 8, 2017<\/p>\n","protected":false},"excerpt":{"rendered":"<p>Download Cliquez sur le dossier ou les documents qui vous int\u00e9ressent pour t\u00e9l\u00e9charger son contenu. Pour toute information compl\u00e9mentaire: Luca Rossetti press@giardinagroup.com &nbsp; GIARDINA GROUP at XYLEXPO 2024\u00a0\u2013 May, 2024 [&hellip;]<\/p>\n","protected":false},"author":712,"featured_media":0,"parent":0,"menu_order":9,"comment_status":"closed","ping_status":"closed","template":"","meta":{"_acf_changed":false,"footnotes":""},"class_list":["post-3175","page","type-page","status-publish","hentry"],"acf":[],"yoast_head":"<!-- This site is optimized with the Yoast SEO plugin v27.2 - https:\/\/yoast.com\/product\/yoast-seo-wordpress\/ -->\n<title>Espace presse Giardina Group<\/title>\n<meta name=\"description\" content=\"Espace presse Giardina Group | Cliquez sur le dossier ou le document qui vous int\u00e9resse pour en t\u00e9l\u00e9charger le contenu. press@giardinagroup.com\" \/>\n<meta name=\"robots\" content=\"index, follow, max-snippet:-1, max-image-preview:large, max-video-preview:-1\" \/>\n<link rel=\"canonical\" href=\"https:\/\/www.giardinagroup.com\/fr\/press-area-giardina-group-download\/\" \/>\n<meta property=\"og:locale\" content=\"fr_FR\" \/>\n<meta property=\"og:type\" content=\"article\" \/>\n<meta property=\"og:title\" content=\"Espace presse Giardina Group\" \/>\n<meta property=\"og:description\" content=\"Espace presse Giardina Group | Cliquez sur le dossier ou le document qui vous int\u00e9resse pour en t\u00e9l\u00e9charger le contenu. press@giardinagroup.com\" \/>\n<meta property=\"og:url\" content=\"https:\/\/www.giardinagroup.com\/fr\/press-area-giardina-group-download\/\" \/>\n<meta property=\"og:site_name\" content=\"Giardina Group\" \/>\n<meta property=\"article:publisher\" content=\"https:\/\/www.facebook.com\/GiardinaGroupItaly\/\" \/>\n<meta property=\"article:modified_time\" content=\"2026-02-19T10:17:45+00:00\" \/>\n<meta name=\"twitter:card\" content=\"summary_large_image\" \/>\n<meta name=\"twitter:label1\" content=\"Dur\u00e9e de lecture estim\u00e9e\" \/>\n\t<meta name=\"twitter:data1\" content=\"1 minute\" \/>\n<script type=\"application\/ld+json\" class=\"yoast-schema-graph\">{\"@context\":\"https:\/\/schema.org\",\"@graph\":[{\"@type\":\"WebPage\",\"@id\":\"https:\/\/www.giardinagroup.com\/fr\/press-area-giardina-group-download\/\",\"url\":\"https:\/\/www.giardinagroup.com\/fr\/press-area-giardina-group-download\/\",\"name\":\"Espace presse Giardina Group\",\"isPartOf\":{\"@id\":\"https:\/\/www.giardinagroup.com\/fr\/#website\"},\"datePublished\":\"2022-12-29T20:23:37+00:00\",\"dateModified\":\"2026-02-19T10:17:45+00:00\",\"description\":\"Espace presse Giardina Group | Cliquez sur le dossier ou le document qui vous int\u00e9resse pour en t\u00e9l\u00e9charger le contenu. press@giardinagroup.com\",\"breadcrumb\":{\"@id\":\"https:\/\/www.giardinagroup.com\/fr\/press-area-giardina-group-download\/#breadcrumb\"},\"inLanguage\":\"fr-FR\",\"potentialAction\":[{\"@type\":\"ReadAction\",\"target\":[\"https:\/\/www.giardinagroup.com\/fr\/press-area-giardina-group-download\/\"]}]},{\"@type\":\"BreadcrumbList\",\"@id\":\"https:\/\/www.giardinagroup.com\/fr\/press-area-giardina-group-download\/#breadcrumb\",\"itemListElement\":[{\"@type\":\"ListItem\",\"position\":1,\"name\":\"Home\",\"item\":\"https:\/\/www.giardinagroup.com\/fr\/\"},{\"@type\":\"ListItem\",\"position\":2,\"name\":\"Area Press\"}]},{\"@type\":\"WebSite\",\"@id\":\"https:\/\/www.giardinagroup.com\/fr\/#website\",\"url\":\"https:\/\/www.giardinagroup.com\/fr\/\",\"name\":\"Giardina Group\",\"description\":\"\",\"potentialAction\":[{\"@type\":\"SearchAction\",\"target\":{\"@type\":\"EntryPoint\",\"urlTemplate\":\"https:\/\/www.giardinagroup.com\/fr\/?s={search_term_string}\"},\"query-input\":{\"@type\":\"PropertyValueSpecification\",\"valueRequired\":true,\"valueName\":\"search_term_string\"}}],\"inLanguage\":\"fr-FR\"}]}<\/script>\n<!-- \/ Yoast SEO plugin. -->","yoast_head_json":{"title":"Espace presse Giardina Group","description":"Espace presse Giardina Group | Cliquez sur le dossier ou le document qui vous int\u00e9resse pour en t\u00e9l\u00e9charger le contenu. press@giardinagroup.com","robots":{"index":"index","follow":"follow","max-snippet":"max-snippet:-1","max-image-preview":"max-image-preview:large","max-video-preview":"max-video-preview:-1"},"canonical":"https:\/\/www.giardinagroup.com\/fr\/press-area-giardina-group-download\/","og_locale":"fr_FR","og_type":"article","og_title":"Espace presse Giardina Group","og_description":"Espace presse Giardina Group | Cliquez sur le dossier ou le document qui vous int\u00e9resse pour en t\u00e9l\u00e9charger le contenu. press@giardinagroup.com","og_url":"https:\/\/www.giardinagroup.com\/fr\/press-area-giardina-group-download\/","og_site_name":"Giardina Group","article_publisher":"https:\/\/www.facebook.com\/GiardinaGroupItaly\/","article_modified_time":"2026-02-19T10:17:45+00:00","twitter_card":"summary_large_image","twitter_misc":{"Dur\u00e9e de lecture estim\u00e9e":"1 minute"},"schema":{"@context":"https:\/\/schema.org","@graph":[{"@type":"WebPage","@id":"https:\/\/www.giardinagroup.com\/fr\/press-area-giardina-group-download\/","url":"https:\/\/www.giardinagroup.com\/fr\/press-area-giardina-group-download\/","name":"Espace presse Giardina Group","isPartOf":{"@id":"https:\/\/www.giardinagroup.com\/fr\/#website"},"datePublished":"2022-12-29T20:23:37+00:00","dateModified":"2026-02-19T10:17:45+00:00","description":"Espace presse Giardina Group | Cliquez sur le dossier ou le document qui vous int\u00e9resse pour en t\u00e9l\u00e9charger le contenu. press@giardinagroup.com","breadcrumb":{"@id":"https:\/\/www.giardinagroup.com\/fr\/press-area-giardina-group-download\/#breadcrumb"},"inLanguage":"fr-FR","potentialAction":[{"@type":"ReadAction","target":["https:\/\/www.giardinagroup.com\/fr\/press-area-giardina-group-download\/"]}]},{"@type":"BreadcrumbList","@id":"https:\/\/www.giardinagroup.com\/fr\/press-area-giardina-group-download\/#breadcrumb","itemListElement":[{"@type":"ListItem","position":1,"name":"Home","item":"https:\/\/www.giardinagroup.com\/fr\/"},{"@type":"ListItem","position":2,"name":"Area Press"}]},{"@type":"WebSite","@id":"https:\/\/www.giardinagroup.com\/fr\/#website","url":"https:\/\/www.giardinagroup.com\/fr\/","name":"Giardina Group","description":"","potentialAction":[{"@type":"SearchAction","target":{"@type":"EntryPoint","urlTemplate":"https:\/\/www.giardinagroup.com\/fr\/?s={search_term_string}"},"query-input":{"@type":"PropertyValueSpecification","valueRequired":true,"valueName":"search_term_string"}}],"inLanguage":"fr-FR"}]}},"_links":{"self":[{"href":"https:\/\/www.giardinagroup.com\/fr\/wp-json\/wp\/v2\/pages\/3175","targetHints":{"allow":["GET"]}}],"collection":[{"href":"https:\/\/www.giardinagroup.com\/fr\/wp-json\/wp\/v2\/pages"}],"about":[{"href":"https:\/\/www.giardinagroup.com\/fr\/wp-json\/wp\/v2\/types\/page"}],"author":[{"embeddable":true,"href":"https:\/\/www.giardinagroup.com\/fr\/wp-json\/wp\/v2\/users\/712"}],"replies":[{"embeddable":true,"href":"https:\/\/www.giardinagroup.com\/fr\/wp-json\/wp\/v2\/comments?post=3175"}],"version-history":[{"count":8,"href":"https:\/\/www.giardinagroup.com\/fr\/wp-json\/wp\/v2\/pages\/3175\/revisions"}],"predecessor-version":[{"id":11767,"href":"https:\/\/www.giardinagroup.com\/fr\/wp-json\/wp\/v2\/pages\/3175\/revisions\/11767"}],"wp:attachment":[{"href":"https:\/\/www.giardinagroup.com\/fr\/wp-json\/wp\/v2\/media?parent=3175"}],"curies":[{"name":"wp","href":"https:\/\/api.w.org\/{rel}","templated":true}]}}