{"id":2387,"date":"2022-12-27T12:13:23","date_gmt":"2022-12-27T11:13:23","guid":{"rendered":"https:\/\/www.giardinagroup.com\/?page_id=2387"},"modified":"2023-02-06T10:07:22","modified_gmt":"2023-02-06T09:07:22","slug":"materiaux","status":"publish","type":"page","link":"https:\/\/www.giardinagroup.com\/fr\/materiaux\/","title":{"rendered":"Mat\u00e9riaux"},"content":{"rendered":"<h2>De quoi avez-vous besoin?<\/h2>\n<hr \/>\n<p>La longue exp\u00e9rience dont Giardina Group est une expression permet au groupe de concevoir, d\u00e9velopper et fabriquer des machines et des syst\u00e8mes complets pour la\u00a0<strong>peinture du bois, du verre, du plastique, du m\u00e9tal, du b\u00e9ton et des materiaux composites<\/strong>. Et depuis juin 2020, gr\u00e2ce \u00e0 l\u2019acquisition de De Stefani, l\u2019offre s\u2019est enrichie avec des machines et des solutions pour le\u00a0<strong>pon\u00e7age des chants, des profils et des surfaces<\/strong>. Une exp\u00e9rience riche et profonde, gr\u00e2ce \u00e0 laquelle beaucoup de solutions appr\u00e9ci\u00e9es pour des applications sp\u00e9ciales sont n\u00e9es.<br \/>\nLe vaste catalogue comprend des lignes de peinture au rouleau, au voile, au pistolet, automatis\u00e9es et robotis\u00e9es, avec syst\u00e8mes de s\u00e9chage \u00e0 air chaud, UV ou micro-ondes; lignes a\u00e9riennes pour peindre des fen\u00eatres ou des pi\u00e8ces tridimensionnelles; cabines de peinture et syst\u00e8mes sp\u00e9ciaux pour tous les besoins, et en plus un riche catalogue de solutions de pon\u00e7age.<br \/>\nL\u2019ensemble du processus de production de la solution \u00ab Giardina Group \u00bb se d\u00e9roule en Italie, \u00e0 Figino Serenza et Giussano, au c\u0153ur de la \u00ab Brianza del Mobile \u00bb et \u00e0 quelques kilom\u00e8tres de Milan, capitale de l\u2019\u00e9conomie et de l\u2019industrie mais aussi du\u00a0\u00a0 design, du style, go\u00fbt, tendances aussi en termes de surfaces et de finitions\u2026<\/p>\n","protected":false},"excerpt":{"rendered":"<p>De quoi avez-vous besoin? La longue exp\u00e9rience dont Giardina Group est une expression permet au groupe de concevoir, d\u00e9velopper et fabriquer des machines et des syst\u00e8mes complets pour la\u00a0peinture du [&hellip;]<\/p>\n","protected":false},"author":712,"featured_media":0,"parent":0,"menu_order":3,"comment_status":"closed","ping_status":"closed","template":"template-application-fields.php","meta":{"_acf_changed":false,"footnotes":""},"class_list":["post-2387","page","type-page","status-publish","hentry"],"acf":[],"yoast_head":"<!-- This site is optimized with the Yoast SEO plugin v27.2 - https:\/\/yoast.com\/product\/yoast-seo-wordpress\/ -->\n<title>Mat\u00e9riaux - Giardina Group<\/title>\n<meta name=\"robots\" content=\"index, follow, max-snippet:-1, max-image-preview:large, max-video-preview:-1\" \/>\n<link rel=\"canonical\" href=\"https:\/\/www.giardinagroup.com\/fr\/materiaux\/\" \/>\n<meta property=\"og:locale\" content=\"fr_FR\" \/>\n<meta property=\"og:type\" content=\"article\" \/>\n<meta property=\"og:title\" content=\"Mat\u00e9riaux - Giardina Group\" \/>\n<meta property=\"og:description\" content=\"De quoi avez-vous besoin? La longue exp\u00e9rience dont Giardina Group est une expression permet au groupe de concevoir, d\u00e9velopper et fabriquer des machines et des syst\u00e8mes complets pour la\u00a0peinture du [&hellip;]\" \/>\n<meta property=\"og:url\" content=\"https:\/\/www.giardinagroup.com\/fr\/materiaux\/\" \/>\n<meta property=\"og:site_name\" content=\"Giardina Group\" \/>\n<meta property=\"article:publisher\" content=\"https:\/\/www.facebook.com\/GiardinaGroupItaly\/\" \/>\n<meta property=\"article:modified_time\" content=\"2023-02-06T09:07:22+00:00\" \/>\n<meta name=\"twitter:card\" content=\"summary_large_image\" \/>\n<meta name=\"twitter:label1\" content=\"Dur\u00e9e de lecture estim\u00e9e\" \/>\n\t<meta name=\"twitter:data1\" content=\"1 minute\" \/>\n<script type=\"application\/ld+json\" class=\"yoast-schema-graph\">{\"@context\":\"https:\/\/schema.org\",\"@graph\":[{\"@type\":\"WebPage\",\"@id\":\"https:\/\/www.giardinagroup.com\/fr\/materiaux\/\",\"url\":\"https:\/\/www.giardinagroup.com\/fr\/materiaux\/\",\"name\":\"Mat\u00e9riaux - Giardina Group\",\"isPartOf\":{\"@id\":\"https:\/\/www.giardinagroup.com\/fr\/#website\"},\"datePublished\":\"2022-12-27T11:13:23+00:00\",\"dateModified\":\"2023-02-06T09:07:22+00:00\",\"breadcrumb\":{\"@id\":\"https:\/\/www.giardinagroup.com\/fr\/materiaux\/#breadcrumb\"},\"inLanguage\":\"fr-FR\",\"potentialAction\":[{\"@type\":\"ReadAction\",\"target\":[\"https:\/\/www.giardinagroup.com\/fr\/materiaux\/\"]}]},{\"@type\":\"BreadcrumbList\",\"@id\":\"https:\/\/www.giardinagroup.com\/fr\/materiaux\/#breadcrumb\",\"itemListElement\":[{\"@type\":\"ListItem\",\"position\":1,\"name\":\"Home\",\"item\":\"https:\/\/www.giardinagroup.com\/fr\/\"},{\"@type\":\"ListItem\",\"position\":2,\"name\":\"Mat\u00e9riaux\"}]},{\"@type\":\"WebSite\",\"@id\":\"https:\/\/www.giardinagroup.com\/fr\/#website\",\"url\":\"https:\/\/www.giardinagroup.com\/fr\/\",\"name\":\"Giardina Group\",\"description\":\"\",\"potentialAction\":[{\"@type\":\"SearchAction\",\"target\":{\"@type\":\"EntryPoint\",\"urlTemplate\":\"https:\/\/www.giardinagroup.com\/fr\/?s={search_term_string}\"},\"query-input\":{\"@type\":\"PropertyValueSpecification\",\"valueRequired\":true,\"valueName\":\"search_term_string\"}}],\"inLanguage\":\"fr-FR\"}]}<\/script>\n<!-- \/ Yoast SEO plugin. -->","yoast_head_json":{"title":"Mat\u00e9riaux - Giardina Group","robots":{"index":"index","follow":"follow","max-snippet":"max-snippet:-1","max-image-preview":"max-image-preview:large","max-video-preview":"max-video-preview:-1"},"canonical":"https:\/\/www.giardinagroup.com\/fr\/materiaux\/","og_locale":"fr_FR","og_type":"article","og_title":"Mat\u00e9riaux - Giardina Group","og_description":"De quoi avez-vous besoin? La longue exp\u00e9rience dont Giardina Group est une expression permet au groupe de concevoir, d\u00e9velopper et fabriquer des machines et des syst\u00e8mes complets pour la\u00a0peinture du [&hellip;]","og_url":"https:\/\/www.giardinagroup.com\/fr\/materiaux\/","og_site_name":"Giardina Group","article_publisher":"https:\/\/www.facebook.com\/GiardinaGroupItaly\/","article_modified_time":"2023-02-06T09:07:22+00:00","twitter_card":"summary_large_image","twitter_misc":{"Dur\u00e9e de lecture estim\u00e9e":"1 minute"},"schema":{"@context":"https:\/\/schema.org","@graph":[{"@type":"WebPage","@id":"https:\/\/www.giardinagroup.com\/fr\/materiaux\/","url":"https:\/\/www.giardinagroup.com\/fr\/materiaux\/","name":"Mat\u00e9riaux - Giardina Group","isPartOf":{"@id":"https:\/\/www.giardinagroup.com\/fr\/#website"},"datePublished":"2022-12-27T11:13:23+00:00","dateModified":"2023-02-06T09:07:22+00:00","breadcrumb":{"@id":"https:\/\/www.giardinagroup.com\/fr\/materiaux\/#breadcrumb"},"inLanguage":"fr-FR","potentialAction":[{"@type":"ReadAction","target":["https:\/\/www.giardinagroup.com\/fr\/materiaux\/"]}]},{"@type":"BreadcrumbList","@id":"https:\/\/www.giardinagroup.com\/fr\/materiaux\/#breadcrumb","itemListElement":[{"@type":"ListItem","position":1,"name":"Home","item":"https:\/\/www.giardinagroup.com\/fr\/"},{"@type":"ListItem","position":2,"name":"Mat\u00e9riaux"}]},{"@type":"WebSite","@id":"https:\/\/www.giardinagroup.com\/fr\/#website","url":"https:\/\/www.giardinagroup.com\/fr\/","name":"Giardina Group","description":"","potentialAction":[{"@type":"SearchAction","target":{"@type":"EntryPoint","urlTemplate":"https:\/\/www.giardinagroup.com\/fr\/?s={search_term_string}"},"query-input":{"@type":"PropertyValueSpecification","valueRequired":true,"valueName":"search_term_string"}}],"inLanguage":"fr-FR"}]}},"_links":{"self":[{"href":"https:\/\/www.giardinagroup.com\/fr\/wp-json\/wp\/v2\/pages\/2387","targetHints":{"allow":["GET"]}}],"collection":[{"href":"https:\/\/www.giardinagroup.com\/fr\/wp-json\/wp\/v2\/pages"}],"about":[{"href":"https:\/\/www.giardinagroup.com\/fr\/wp-json\/wp\/v2\/types\/page"}],"author":[{"embeddable":true,"href":"https:\/\/www.giardinagroup.com\/fr\/wp-json\/wp\/v2\/users\/712"}],"replies":[{"embeddable":true,"href":"https:\/\/www.giardinagroup.com\/fr\/wp-json\/wp\/v2\/comments?post=2387"}],"version-history":[{"count":2,"href":"https:\/\/www.giardinagroup.com\/fr\/wp-json\/wp\/v2\/pages\/2387\/revisions"}],"predecessor-version":[{"id":5940,"href":"https:\/\/www.giardinagroup.com\/fr\/wp-json\/wp\/v2\/pages\/2387\/revisions\/5940"}],"wp:attachment":[{"href":"https:\/\/www.giardinagroup.com\/fr\/wp-json\/wp\/v2\/media?parent=2387"}],"curies":[{"name":"wp","href":"https:\/\/api.w.org\/{rel}","templated":true}]}}