{"id":1775,"date":"2022-12-20T23:40:01","date_gmt":"2022-12-20T22:40:01","guid":{"rendered":"https:\/\/www.giardinagroup.com\/?page_id=1775"},"modified":"2023-02-10T09:56:53","modified_gmt":"2023-02-10T08:56:53","slug":"cookie-policy","status":"publish","type":"page","link":"https:\/\/www.giardinagroup.com\/fr\/cookie-policy\/","title":{"rendered":"Cookie Policy"},"content":{"rendered":"<p>Le Garant de la Protection des Donn\u00e9es Personnelles a \u00e9dict\u00e9 le 8 mai 2014 la mesure n\u00b0 229 intitul\u00e9e \u00ab\u00a0Identification des proc\u00e9dures simplifi\u00e9es d\u2019information et d\u2019obtention du consentement pour l\u2019utilisation des cookies\u00a0\u00bb, publi\u00e9e au Journal Officiel le 3 juin 2014. Par cette mesure, le Garant transpose les directives europ\u00e9ennes selon lesquelles chaque site web, lors du premier acc\u00e8s de tout visiteur, doit afficher une banni\u00e8re d\u2019information sur la politique des cookies appliqu\u00e9e par le site qu\u2019il est en train de visiter, et de soumettre la poursuite de la navigation \u00e0 l\u2019acceptation de cette politique. La mesure enti\u00e8re est disponible \u00e0 l\u2019URL\u00a0<a href=\"http:\/\/www.garanteprivacy.it\/web\/guest\/home\/docweb\/-\/docweb-display\/docweb\/3118884\">http:\/\/www.garanteprivacy.it\/web\/guest\/home\/docweb\/-\/docweb-display\/docweb\/3118884.<\/a><\/p>\n<p><b>D\u00e9finition<\/b><\/p>\n<p>Les cookies sont de petits fichiers de texte envoy\u00e9s par les sites visit\u00e9s sur le terminal de l\u2019utilisateur (en g\u00e9n\u00e9ral au navigateur), o\u00f9 ils sont stock\u00e9s et ensuite retransmis aux m\u00eames sites la prochaine fois que ce m\u00eame utilisateur visite le site. Lors de la navigation sur un site, l\u2019utilisateur peut \u00e9galement recevoir sur son terminal des cookies qui sont envoy\u00e9s par des sites ou des serveurs web diff\u00e9rents (\u00ab\u00a0tiers\u00a0\u00bb), qui peuvent contenir certains \u00e9l\u00e9ments (tels que, par exemple, des images, des cartes, des sons, des liens sp\u00e9cifiques vers des pages d\u2019autres domaines) pr\u00e9sents sur le site qu\u2019il est en train de visiter. Les cookies, g\u00e9n\u00e9ralement tr\u00e8s nombreux dans les navigateurs des utilisateurs et pr\u00e9sentant parfois des caract\u00e9ristiques de grande persistance temporelle, sont utilis\u00e9s \u00e0 diff\u00e9rentes fins\u00a0: ex\u00e9cution d\u2019authentifications informatiques, suivi des sessions, stockage d\u2019informations sur des configurations sp\u00e9cifiques concernant les utilisateurs acc\u00e9dant au serveur, etc. Le Garant, afin de parvenir \u00e0 une r\u00e9glementation correcte de la directive, a identifi\u00e9 deux cat\u00e9gories de cookies\u00a0:\u00a0<b>cookies techniques<\/b>\u00a0et\u00a0<b>cookies de profilage<\/b>\u00a0; en m\u00eame temps il a \u00e9tabli une diff\u00e9rence suppl\u00e9mentaire en ce qui concerne l\u2019entit\u00e9 qui installe les cookies, qui peut \u00eatre le gestionnaire du site (\u00ab\u00a0\u00e9diteur\u00a0\u00bb) ou un tiers, qui les installe par l\u2019interm\u00e9diaire du premier, d\u00e9finissant ce type de\u00a0<b>cookies tiers<\/b>. Dans ce dernier cas le Garant a express\u00e9ment limit\u00e9 la responsabilit\u00e9 de l\u2019\u00e9diteur \u00e0 renvoyer \u00e0 la note d\u2019information de la partie qui installe ces cookies.<\/p>\n<p>&nbsp;<\/p>\n<p><script type=\"text\/javascript\" charset=\"UTF-8\" data-cookiescriptreport=\"report\" src=\"\/\/report.cookie-script.com\/r\/d900ecf3012e6b4992ca636dde3dfba6.js\"><\/script><\/p>\n<p>&nbsp;<\/p>\n<p><b>V\u00e9rifier le param\u00e9trage des cookies et les d\u00e9sactiver<\/b><\/p>\n<p>Les cookies permettent de vous offrir une meilleure exp\u00e9rience de navigation et une r\u00e9ponse plus rapide sur notre site. Cependant vous pouvez d\u00e9cider, si vous le souhaitez, de les refuser. Cela nous emp\u00eachera de nous souvenir de vos favoris, de vous offrir des contenus personnalis\u00e9s et de collecter des donn\u00e9es agr\u00e9g\u00e9es obtenues de votre visite sur notre site. Vous pouvez modifier les param\u00e8tres des cookies directement via votre navigateur. Si vous souhaitez en savoir plus sur la fa\u00e7on de g\u00e9rer et supprimer les cookies de votre navigateur, cliquez sur les liens suivants\u00a0:<\/p>\n<ul>\n<li>Plus d\u2019informations sur la d\u00e9sactivation des cookie sur\u00a0<a href=\"https:\/\/support.mozilla.org\/it\/kb\/Attivare%2520e%2520disattivare%2520i%2520cookie\">Firefox<\/a><\/li>\n<li>Plus d\u2019informations sur la d\u00e9sactivation des cookies sur\u00a0<a href=\"http:\/\/www.google.com\/policies\/technologies\/managing\/\">Chrome<\/a><\/li>\n<li>Plus d\u2019informations sur la d\u00e9sactivation des cookie sur\u00a0<a href=\"http:\/\/support.apple.com\/kb\/HT1677?viewlocale=it_IT&amp;locale=it_IT\">Safari<\/a><\/li>\n<li>Plus d\u2019informations sur la d\u00e9sactivation des cookies sur\u00a0<a href=\"http:\/\/windows.microsoft.com\/it-it\/internet-explorer\/delete-manage-cookies#ie=ie-11\">Internet Explorer<\/a><\/li>\n<\/ul>\n","protected":false},"excerpt":{"rendered":"<p>Le Garant de la Protection des Donn\u00e9es Personnelles a \u00e9dict\u00e9 le 8 mai 2014 la mesure n\u00b0 229 intitul\u00e9e \u00ab\u00a0Identification des proc\u00e9dures simplifi\u00e9es d\u2019information et d\u2019obtention du consentement pour l\u2019utilisation [&hellip;]<\/p>\n","protected":false},"author":712,"featured_media":0,"parent":0,"menu_order":40,"comment_status":"closed","ping_status":"closed","template":"","meta":{"_acf_changed":false,"footnotes":""},"class_list":["post-1775","page","type-page","status-publish","hentry"],"acf":[],"yoast_head":"<!-- This site is optimized with the Yoast SEO plugin v27.2 - https:\/\/yoast.com\/product\/yoast-seo-wordpress\/ -->\n<title>Cookie Policy - Giardina Group<\/title>\n<meta name=\"robots\" content=\"index, follow, max-snippet:-1, max-image-preview:large, max-video-preview:-1\" \/>\n<link rel=\"canonical\" href=\"https:\/\/www.giardinagroup.com\/fr\/cookie-policy\/\" \/>\n<meta property=\"og:locale\" content=\"fr_FR\" \/>\n<meta property=\"og:type\" content=\"article\" \/>\n<meta property=\"og:title\" content=\"Cookie Policy - Giardina Group\" \/>\n<meta property=\"og:description\" content=\"Le Garant de la Protection des Donn\u00e9es Personnelles a \u00e9dict\u00e9 le 8 mai 2014 la mesure n\u00b0 229 intitul\u00e9e \u00ab\u00a0Identification des proc\u00e9dures simplifi\u00e9es d\u2019information et d\u2019obtention du consentement pour l\u2019utilisation [&hellip;]\" \/>\n<meta property=\"og:url\" content=\"https:\/\/www.giardinagroup.com\/fr\/cookie-policy\/\" \/>\n<meta property=\"og:site_name\" content=\"Giardina Group\" \/>\n<meta property=\"article:publisher\" content=\"https:\/\/www.facebook.com\/GiardinaGroupItaly\/\" \/>\n<meta property=\"article:modified_time\" content=\"2023-02-10T08:56:53+00:00\" \/>\n<meta name=\"twitter:card\" content=\"summary_large_image\" \/>\n<meta name=\"twitter:label1\" content=\"Dur\u00e9e de lecture estim\u00e9e\" \/>\n\t<meta name=\"twitter:data1\" content=\"3 minutes\" \/>\n<script type=\"application\/ld+json\" class=\"yoast-schema-graph\">{\"@context\":\"https:\/\/schema.org\",\"@graph\":[{\"@type\":\"WebPage\",\"@id\":\"https:\/\/www.giardinagroup.com\/fr\/cookie-policy\/\",\"url\":\"https:\/\/www.giardinagroup.com\/fr\/cookie-policy\/\",\"name\":\"Cookie Policy - Giardina Group\",\"isPartOf\":{\"@id\":\"https:\/\/www.giardinagroup.com\/fr\/#website\"},\"datePublished\":\"2022-12-20T22:40:01+00:00\",\"dateModified\":\"2023-02-10T08:56:53+00:00\",\"breadcrumb\":{\"@id\":\"https:\/\/www.giardinagroup.com\/fr\/cookie-policy\/#breadcrumb\"},\"inLanguage\":\"fr-FR\",\"potentialAction\":[{\"@type\":\"ReadAction\",\"target\":[\"https:\/\/www.giardinagroup.com\/fr\/cookie-policy\/\"]}]},{\"@type\":\"BreadcrumbList\",\"@id\":\"https:\/\/www.giardinagroup.com\/fr\/cookie-policy\/#breadcrumb\",\"itemListElement\":[{\"@type\":\"ListItem\",\"position\":1,\"name\":\"Home\",\"item\":\"https:\/\/www.giardinagroup.com\/fr\/\"},{\"@type\":\"ListItem\",\"position\":2,\"name\":\"Cookie Policy\"}]},{\"@type\":\"WebSite\",\"@id\":\"https:\/\/www.giardinagroup.com\/fr\/#website\",\"url\":\"https:\/\/www.giardinagroup.com\/fr\/\",\"name\":\"Giardina Group\",\"description\":\"\",\"potentialAction\":[{\"@type\":\"SearchAction\",\"target\":{\"@type\":\"EntryPoint\",\"urlTemplate\":\"https:\/\/www.giardinagroup.com\/fr\/?s={search_term_string}\"},\"query-input\":{\"@type\":\"PropertyValueSpecification\",\"valueRequired\":true,\"valueName\":\"search_term_string\"}}],\"inLanguage\":\"fr-FR\"}]}<\/script>\n<!-- \/ Yoast SEO plugin. -->","yoast_head_json":{"title":"Cookie Policy - Giardina Group","robots":{"index":"index","follow":"follow","max-snippet":"max-snippet:-1","max-image-preview":"max-image-preview:large","max-video-preview":"max-video-preview:-1"},"canonical":"https:\/\/www.giardinagroup.com\/fr\/cookie-policy\/","og_locale":"fr_FR","og_type":"article","og_title":"Cookie Policy - Giardina Group","og_description":"Le Garant de la Protection des Donn\u00e9es Personnelles a \u00e9dict\u00e9 le 8 mai 2014 la mesure n\u00b0 229 intitul\u00e9e \u00ab\u00a0Identification des proc\u00e9dures simplifi\u00e9es d\u2019information et d\u2019obtention du consentement pour l\u2019utilisation [&hellip;]","og_url":"https:\/\/www.giardinagroup.com\/fr\/cookie-policy\/","og_site_name":"Giardina Group","article_publisher":"https:\/\/www.facebook.com\/GiardinaGroupItaly\/","article_modified_time":"2023-02-10T08:56:53+00:00","twitter_card":"summary_large_image","twitter_misc":{"Dur\u00e9e de lecture estim\u00e9e":"3 minutes"},"schema":{"@context":"https:\/\/schema.org","@graph":[{"@type":"WebPage","@id":"https:\/\/www.giardinagroup.com\/fr\/cookie-policy\/","url":"https:\/\/www.giardinagroup.com\/fr\/cookie-policy\/","name":"Cookie Policy - Giardina Group","isPartOf":{"@id":"https:\/\/www.giardinagroup.com\/fr\/#website"},"datePublished":"2022-12-20T22:40:01+00:00","dateModified":"2023-02-10T08:56:53+00:00","breadcrumb":{"@id":"https:\/\/www.giardinagroup.com\/fr\/cookie-policy\/#breadcrumb"},"inLanguage":"fr-FR","potentialAction":[{"@type":"ReadAction","target":["https:\/\/www.giardinagroup.com\/fr\/cookie-policy\/"]}]},{"@type":"BreadcrumbList","@id":"https:\/\/www.giardinagroup.com\/fr\/cookie-policy\/#breadcrumb","itemListElement":[{"@type":"ListItem","position":1,"name":"Home","item":"https:\/\/www.giardinagroup.com\/fr\/"},{"@type":"ListItem","position":2,"name":"Cookie Policy"}]},{"@type":"WebSite","@id":"https:\/\/www.giardinagroup.com\/fr\/#website","url":"https:\/\/www.giardinagroup.com\/fr\/","name":"Giardina Group","description":"","potentialAction":[{"@type":"SearchAction","target":{"@type":"EntryPoint","urlTemplate":"https:\/\/www.giardinagroup.com\/fr\/?s={search_term_string}"},"query-input":{"@type":"PropertyValueSpecification","valueRequired":true,"valueName":"search_term_string"}}],"inLanguage":"fr-FR"}]}},"_links":{"self":[{"href":"https:\/\/www.giardinagroup.com\/fr\/wp-json\/wp\/v2\/pages\/1775","targetHints":{"allow":["GET"]}}],"collection":[{"href":"https:\/\/www.giardinagroup.com\/fr\/wp-json\/wp\/v2\/pages"}],"about":[{"href":"https:\/\/www.giardinagroup.com\/fr\/wp-json\/wp\/v2\/types\/page"}],"author":[{"embeddable":true,"href":"https:\/\/www.giardinagroup.com\/fr\/wp-json\/wp\/v2\/users\/712"}],"replies":[{"embeddable":true,"href":"https:\/\/www.giardinagroup.com\/fr\/wp-json\/wp\/v2\/comments?post=1775"}],"version-history":[{"count":2,"href":"https:\/\/www.giardinagroup.com\/fr\/wp-json\/wp\/v2\/pages\/1775\/revisions"}],"predecessor-version":[{"id":5956,"href":"https:\/\/www.giardinagroup.com\/fr\/wp-json\/wp\/v2\/pages\/1775\/revisions\/5956"}],"wp:attachment":[{"href":"https:\/\/www.giardinagroup.com\/fr\/wp-json\/wp\/v2\/media?parent=1775"}],"curies":[{"name":"wp","href":"https:\/\/api.w.org\/{rel}","templated":true}]}}