{"id":1768,"date":"2022-12-20T09:13:22","date_gmt":"2022-12-20T08:13:22","guid":{"rendered":"https:\/\/www.giardinagroup.com\/?page_id=1768"},"modified":"2026-03-08T21:32:14","modified_gmt":"2026-03-08T20:32:14","slug":"solutions-pour-la-peinture","status":"publish","type":"page","link":"https:\/\/www.giardinagroup.com\/fr\/solutions-pour-la-peinture\/","title":{"rendered":"A propos"},"content":{"rendered":"<h2>Les moments d&rsquo;une histoire&#8230;<\/h2>\n<hr \/>\n<p>Giardina Finishing et Mauri Macchine: deux marques unies depuis 2012 dans un m\u00eame point de r\u00e9f\u00e9rence mondial,\u00a0<b>Giardina Group<\/b>, pour tout ce qui concerne le\u00a0<b>traitement de surface<\/b>.<\/p>\n<p>Une proposition rendue encore plus compl\u00e8te avec l\u2019acquisition, en 2020, de De Stefani, une r\u00e9alit\u00e9 mondialement connue dans le secteur du pon\u00e7age.<\/p>\n<p>Une histoire de comp\u00e9tences, d\u2019exp\u00e9rience, de recherche et d\u2019innovation qui dure depuis pr\u00e8s de cinquante ans. Des d\u00e9cennies marqu\u00e9es par un engagement constant pour le d\u00e9veloppement et la mise en \u0153uvre de solutions hautement technologiques, de machines et d\u2019installations con\u00e7ues \u2013 en collaboration avec le client, pour ceux qui devront ensuite travailler quotidiennement avec ces technologies \u2013 afin d\u2019offrir la meilleure solution possible, que ce soit la ligne plus complexe comme la machine plus simple.<\/p>\n<p>Le protagoniste, le fil conducteur de cette longue histoire, \u00e9tait\u00a0<b>Giampiero Mauri<\/b>, d\u00e9c\u00e9d\u00e9 le 24 ao\u00fbt 2017, convaincu que le succ\u00e8s d\u2019une entreprise se mesurait \u00e0 un point de r\u00e9f\u00e9rence technologique au niveau international, une vision qui lui a permis d\u2019atteindre des objectifs prestigieux.<\/p>\n<p>De sa vision, il a choisi de cr\u00e9er une synergie forte entre les deux soci\u00e9t\u00e9s \u2013 \u00e0 travers l\u2019acquisition de Giardina Finishing par Mauri Macchine -, qui offre aujourd\u2019hui la gamme la plus compl\u00e8te de solutions de finition et de peinture pour diff\u00e9rents march\u00e9s mondiaux. Un h\u00e9ritage de technologie que personne d\u2019autre ne peut \u00e9galer. Une vision poursuivie par ses enfants,\u00a0<b>Stefano et Riccardo<\/b>, avec la d\u00e9cision d\u2019entrer \u00e9galement dans le monde du pon\u00e7age en acqu\u00e9rant\u00a0<b>De Stefani <\/b>et de lancer, \u00e0 partir de 2023, un important partenariat industriel avec<strong data-start=\"0\" data-end=\"98\" data-is-last-node=\"\" data-is-only-node=\"\"> G-Technologies Group.<\/strong><\/p>\n<h3>Les Racines<\/h3>\n<p><b>Giardina Finishing<\/b>\u00a0a apport\u00e9 au nouveau groupe sa grande exp\u00e9rience des solutions de peinture dans les secteurs du bois, du verre, du plastique, du m\u00e9tal et des mat\u00e9riaux composites: pulv\u00e9risation, rouleau, rideau, sous vide et bien d\u2019autres. M\u00eame les\u00a0<b>techniques de s\u00e9chage<\/b>\u00a0ont toujours \u00e9t\u00e9 un produit phare de la soci\u00e9t\u00e9, pionni\u00e8re de la technologie du s\u00e9chage UV depuis les ann\u00e9es 70 et un leader dans le processus de s\u00e9chage de peintures \u00e0 base d\u2019eau avec la technologie\u00a0<b>\u00ab MOS \u00bb<\/b>\u00a0et, depuis quelques ann\u00e9es, avec une toute nouvelle technologie integr\u00e9e de \u00ab application et s\u00e9chage UV \u00bb, appel\u00e9e\u00a0<b>\u00ab\u00a0GST Zerogloss\u00a0\u00bb<\/b>\u00a0, qui permet le d\u00e9veloppement de nouveaux cycles de peinture, gr\u00e2ce auxquels des standards de qualit\u00e9 \u00e9lev\u00e9s peuvent \u00eatre atteints, un excellent\u00a0<b>\u00ab High Matt \u00bb<\/b> tout d\u2019abord.<\/p>\n<p><b>Mauri Macchine<\/b>\u00a0compl\u00e8te les propositions de Giardina Finishing avec une solide exp\u00e9rience dans le secteur du bois et peut se vanter d\u2019une expertise exceptionnelle dans les syst\u00e8mes de peinture de\u00a0<b>profils<\/b>\u00a0en g\u00e9n\u00e9ral. Elle a longtemps d\u00e9velopp\u00e9 des solutions de pulv\u00e9risation robotis\u00e9es pour la peinture de petits lots, \u00ab customer order lines \u00bb, anticipant depuis quelques ann\u00e9es les besoins d\u2019un march\u00e9 de plus en plus orient\u00e9 vers le \u00ab juste \u00e0 temps\u00a0\u00bb , vers la personnalisation la plus pouss\u00e9e, vers le management efficace et efficient des lots de plus en plus petits. Une voie qui a permis \u00e0 Mauri Macchine de devenir particuli\u00e8rement actif en mati\u00e8re de syst\u00e8mes complets de\u00a0<b>traitement du bois lamell\u00e9<\/b>, de plus en plus r\u00e9pandu dans un b\u00e2timent o\u00f9 le mot \u00ab bio-durabilit\u00e9 \u00bb rev\u00eat une signification et un poids de plus en plus importants.<\/p>\n<p>La grande capacit\u00e9 de Mauri Macchine \u00e0 d\u00e9velopper et \u00e0 mettre en \u0153uvre des solutions complexes pour la manipulation d\u2019articles manufactur\u00e9s a permis \u00e0 Giardina Group de proposer \u00e0 ses clients du monde entier d\u2019importants syst\u00e8mes de peinture complets, utilisant les ressources et les capacit\u00e9s du groupe. Cela garantit une fiabilit\u00e9 maximale et \u2013 avant tout \u2013 propose un interlocuteur unique, capable de proposer savoir-faire, technologies, services avant et apr\u00e8s-vente.<\/p>\n<p>&nbsp;<\/p>\n<h3>Giardina Group<\/h3>\n<p>C\u2019est en 2010 que Mauri Macchine commence son partenariat avec Giardina Finishing srl.<\/p>\n<p>Apr\u00e8s un processus de restructuration industrielle en profondeur, Giampiero Mauri d\u00e9cide de racheter Giardina Finishing, cr\u00e9ant la marque Giardina Group et regroupant sous un m\u00eame toit Giardina Finishing, Mauri Macchine et Ventilazione Italiana. L\u2019unification des trois marques consolide une vaste client\u00e8le et permet la construction de la gamme la plus vaste et la plus compl\u00e8te de machines et de syst\u00e8mes de finition.<\/p>\n<p>Le 24 ao\u00fbt 2017,\u00a0<b>Giampiero Mauri<\/b>\u00a0est d\u00e9c\u00e9d\u00e9 des suites d\u2019une longue maladie qui, m\u00eame dans les phases les plus aigu\u00ebs, n\u2019a pu le distordre de sa passion, de ses r\u00eaves, de son entreprise. Ses fils \u2013\u00a0<b>Stefano et Riccardo<\/b>, toujours \u00e0 ses c\u00f4t\u00e9s \u2013 prennent les r\u00eanes fermement entre leurs mains.<\/p>\n<p>Le 28 d\u00e9cembre, l\u2019acte notari\u00e9 a \u00e9t\u00e9 sign\u00e9, \u00e9tablissant la naissance de Giardina Group, le couronnement d\u2019un r\u00eave commenc\u00e9 en 1972, tr\u00e8s lointain.<\/p>\n<p>D\u00e9but 2018, toutes les unit\u00e9s de production sont rassembl\u00e9es dans l\u2019unit\u00e9\u00a0<b>Figino Serenza<\/b>, si\u00e8ge historique de Giardina. Un nouveau bureau qui sera bient\u00f4t enti\u00e8rement r\u00e9nov\u00e9 pour r\u00e9pondre aux besoins d\u2019une entreprise moderne, une intervention qui implique la r\u00e9organisation d\u2019espaces de production et de bureaux, la cr\u00e9ation d\u2019un showroom\/laboratoire, le\u00a0<b>Centre d\u2019innovation Giampiero Mauri<\/b>, qui inaugur\u00e9e \u00e0 Avril 2019, des espaces de formation et un bureau d\u00e9di\u00e9 \u00e0 la planification et \u00e0 l\u2019innovation.<\/p>\n<p>En mai 2020, la longue et intense collaboration avec De Stefani s\u2019est transform\u00e9e en participation industrielle, gr\u00e2ce \u00e0 l\u2019acquisition du sp\u00e9cialiste du pon\u00e7age qui est d\u00e9sormais le troisi\u00e8me piliers sur lequel repose la proposition commerciale du groupe.<\/p>\n<p>En 2023, un <strong>nouveau partenariat industriel<\/strong> avec <a href=\"https:\/\/www.gtechnologies-srl.com\/Objects\/Home1.asp\"><strong>G-Technologies Group<\/strong><\/a> a \u00e9t\u00e9 lanc\u00e9, conduisant \u00e0 l\u2019acquisition de <a href=\"https:\/\/www.marval.glass\/\"><strong>Marval<\/strong><\/a>, une entreprise reconnue au niveau international pour la qualit\u00e9 de ses solutions d\u00e9di\u00e9es \u00e0 la production de vitrage isolant. De ce partenariat est n\u00e9 en 2025 un nouveau projet : l\u2019acquisition des activit\u00e9s de <a href=\"https:\/\/www.cmlfinishing.it\/it\"><strong>Cml Finishing<\/strong><\/a>, une entreprise leader dans la conception, la planification et la r\u00e9alisation de solutions innovantes pour la peinture des fen\u00eatres et des portes.<\/p>\n<p>Aujourd\u2019hui comme hier, la relation constante avec les fabricants de vernis et des industries compl\u00e9mentaires les plus importantes au monde est fondamentale pour\u00a0<b>Giardina Group<\/b>, car ce n\u2019est qu\u2019en travaillant ensemble qu\u2019il est possible d\u2019interpr\u00e9ter les besoins d\u2019un client et de lui offrir exactement ce qu\u2019il attend du r\u00e9sultat final de peinture qu\u2019il a choisi.<\/p>\n","protected":false},"excerpt":{"rendered":"<p>Les moments d&rsquo;une histoire&#8230; Giardina Finishing et Mauri Macchine: deux marques unies depuis 2012 dans un m\u00eame point de r\u00e9f\u00e9rence mondial,\u00a0Giardina Group, pour tout ce qui concerne le\u00a0traitement de surface. [&hellip;]<\/p>\n","protected":false},"author":712,"featured_media":0,"parent":0,"menu_order":1,"comment_status":"closed","ping_status":"closed","template":"","meta":{"_acf_changed":false,"footnotes":""},"class_list":["post-1768","page","type-page","status-publish","hentry"],"acf":[],"yoast_head":"<!-- This site is optimized with the Yoast SEO plugin v27.2 - https:\/\/yoast.com\/product\/yoast-seo-wordpress\/ -->\n<title>La gamme la plus compl\u00e8te de solutions de finition et de peinture<\/title>\n<meta name=\"description\" content=\"Grande exp\u00e9rience en mati\u00e8re de solutions de peinture pour les secteurs du bois, du verre, du plastique, du m\u00e9tal et des composites : applications par pulv\u00e9risation, etc...\" \/>\n<meta name=\"robots\" content=\"index, follow, max-snippet:-1, max-image-preview:large, max-video-preview:-1\" \/>\n<link rel=\"canonical\" href=\"https:\/\/www.giardinagroup.com\/fr\/solutions-pour-la-peinture\/\" \/>\n<meta property=\"og:locale\" content=\"fr_FR\" \/>\n<meta property=\"og:type\" content=\"article\" \/>\n<meta property=\"og:title\" content=\"La gamme la plus compl\u00e8te de solutions de finition et de peinture\" \/>\n<meta property=\"og:description\" content=\"Grande exp\u00e9rience en mati\u00e8re de solutions de peinture pour les secteurs du bois, du verre, du plastique, du m\u00e9tal et des composites : applications par pulv\u00e9risation, etc...\" \/>\n<meta property=\"og:url\" content=\"https:\/\/www.giardinagroup.com\/fr\/solutions-pour-la-peinture\/\" \/>\n<meta property=\"og:site_name\" content=\"Giardina Group\" \/>\n<meta property=\"article:publisher\" content=\"https:\/\/www.facebook.com\/GiardinaGroupItaly\/\" \/>\n<meta property=\"article:modified_time\" content=\"2026-03-08T20:32:14+00:00\" \/>\n<meta name=\"twitter:card\" content=\"summary_large_image\" \/>\n<meta name=\"twitter:label1\" content=\"Dur\u00e9e de lecture estim\u00e9e\" \/>\n\t<meta name=\"twitter:data1\" content=\"6 minutes\" \/>\n<script type=\"application\/ld+json\" class=\"yoast-schema-graph\">{\"@context\":\"https:\/\/schema.org\",\"@graph\":[{\"@type\":\"WebPage\",\"@id\":\"https:\/\/www.giardinagroup.com\/fr\/solutions-pour-la-peinture\/\",\"url\":\"https:\/\/www.giardinagroup.com\/fr\/solutions-pour-la-peinture\/\",\"name\":\"La gamme la plus compl\u00e8te de solutions de finition et de peinture\",\"isPartOf\":{\"@id\":\"https:\/\/www.giardinagroup.com\/fr\/#website\"},\"datePublished\":\"2022-12-20T08:13:22+00:00\",\"dateModified\":\"2026-03-08T20:32:14+00:00\",\"description\":\"Grande exp\u00e9rience en mati\u00e8re de solutions de peinture pour les secteurs du bois, du verre, du plastique, du m\u00e9tal et des composites : applications par pulv\u00e9risation, etc...\",\"breadcrumb\":{\"@id\":\"https:\/\/www.giardinagroup.com\/fr\/solutions-pour-la-peinture\/#breadcrumb\"},\"inLanguage\":\"fr-FR\",\"potentialAction\":[{\"@type\":\"ReadAction\",\"target\":[\"https:\/\/www.giardinagroup.com\/fr\/solutions-pour-la-peinture\/\"]}]},{\"@type\":\"BreadcrumbList\",\"@id\":\"https:\/\/www.giardinagroup.com\/fr\/solutions-pour-la-peinture\/#breadcrumb\",\"itemListElement\":[{\"@type\":\"ListItem\",\"position\":1,\"name\":\"Home\",\"item\":\"https:\/\/www.giardinagroup.com\/fr\/\"},{\"@type\":\"ListItem\",\"position\":2,\"name\":\"A propos\"}]},{\"@type\":\"WebSite\",\"@id\":\"https:\/\/www.giardinagroup.com\/fr\/#website\",\"url\":\"https:\/\/www.giardinagroup.com\/fr\/\",\"name\":\"Giardina Group\",\"description\":\"\",\"potentialAction\":[{\"@type\":\"SearchAction\",\"target\":{\"@type\":\"EntryPoint\",\"urlTemplate\":\"https:\/\/www.giardinagroup.com\/fr\/?s={search_term_string}\"},\"query-input\":{\"@type\":\"PropertyValueSpecification\",\"valueRequired\":true,\"valueName\":\"search_term_string\"}}],\"inLanguage\":\"fr-FR\"}]}<\/script>\n<!-- \/ Yoast SEO plugin. -->","yoast_head_json":{"title":"La gamme la plus compl\u00e8te de solutions de finition et de peinture","description":"Grande exp\u00e9rience en mati\u00e8re de solutions de peinture pour les secteurs du bois, du verre, du plastique, du m\u00e9tal et des composites : applications par pulv\u00e9risation, etc...","robots":{"index":"index","follow":"follow","max-snippet":"max-snippet:-1","max-image-preview":"max-image-preview:large","max-video-preview":"max-video-preview:-1"},"canonical":"https:\/\/www.giardinagroup.com\/fr\/solutions-pour-la-peinture\/","og_locale":"fr_FR","og_type":"article","og_title":"La gamme la plus compl\u00e8te de solutions de finition et de peinture","og_description":"Grande exp\u00e9rience en mati\u00e8re de solutions de peinture pour les secteurs du bois, du verre, du plastique, du m\u00e9tal et des composites : applications par pulv\u00e9risation, etc...","og_url":"https:\/\/www.giardinagroup.com\/fr\/solutions-pour-la-peinture\/","og_site_name":"Giardina Group","article_publisher":"https:\/\/www.facebook.com\/GiardinaGroupItaly\/","article_modified_time":"2026-03-08T20:32:14+00:00","twitter_card":"summary_large_image","twitter_misc":{"Dur\u00e9e de lecture estim\u00e9e":"6 minutes"},"schema":{"@context":"https:\/\/schema.org","@graph":[{"@type":"WebPage","@id":"https:\/\/www.giardinagroup.com\/fr\/solutions-pour-la-peinture\/","url":"https:\/\/www.giardinagroup.com\/fr\/solutions-pour-la-peinture\/","name":"La gamme la plus compl\u00e8te de solutions de finition et de peinture","isPartOf":{"@id":"https:\/\/www.giardinagroup.com\/fr\/#website"},"datePublished":"2022-12-20T08:13:22+00:00","dateModified":"2026-03-08T20:32:14+00:00","description":"Grande exp\u00e9rience en mati\u00e8re de solutions de peinture pour les secteurs du bois, du verre, du plastique, du m\u00e9tal et des composites : applications par pulv\u00e9risation, etc...","breadcrumb":{"@id":"https:\/\/www.giardinagroup.com\/fr\/solutions-pour-la-peinture\/#breadcrumb"},"inLanguage":"fr-FR","potentialAction":[{"@type":"ReadAction","target":["https:\/\/www.giardinagroup.com\/fr\/solutions-pour-la-peinture\/"]}]},{"@type":"BreadcrumbList","@id":"https:\/\/www.giardinagroup.com\/fr\/solutions-pour-la-peinture\/#breadcrumb","itemListElement":[{"@type":"ListItem","position":1,"name":"Home","item":"https:\/\/www.giardinagroup.com\/fr\/"},{"@type":"ListItem","position":2,"name":"A propos"}]},{"@type":"WebSite","@id":"https:\/\/www.giardinagroup.com\/fr\/#website","url":"https:\/\/www.giardinagroup.com\/fr\/","name":"Giardina Group","description":"","potentialAction":[{"@type":"SearchAction","target":{"@type":"EntryPoint","urlTemplate":"https:\/\/www.giardinagroup.com\/fr\/?s={search_term_string}"},"query-input":{"@type":"PropertyValueSpecification","valueRequired":true,"valueName":"search_term_string"}}],"inLanguage":"fr-FR"}]}},"_links":{"self":[{"href":"https:\/\/www.giardinagroup.com\/fr\/wp-json\/wp\/v2\/pages\/1768","targetHints":{"allow":["GET"]}}],"collection":[{"href":"https:\/\/www.giardinagroup.com\/fr\/wp-json\/wp\/v2\/pages"}],"about":[{"href":"https:\/\/www.giardinagroup.com\/fr\/wp-json\/wp\/v2\/types\/page"}],"author":[{"embeddable":true,"href":"https:\/\/www.giardinagroup.com\/fr\/wp-json\/wp\/v2\/users\/712"}],"replies":[{"embeddable":true,"href":"https:\/\/www.giardinagroup.com\/fr\/wp-json\/wp\/v2\/comments?post=1768"}],"version-history":[{"count":3,"href":"https:\/\/www.giardinagroup.com\/fr\/wp-json\/wp\/v2\/pages\/1768\/revisions"}],"predecessor-version":[{"id":11882,"href":"https:\/\/www.giardinagroup.com\/fr\/wp-json\/wp\/v2\/pages\/1768\/revisions\/11882"}],"wp:attachment":[{"href":"https:\/\/www.giardinagroup.com\/fr\/wp-json\/wp\/v2\/media?parent=1768"}],"curies":[{"name":"wp","href":"https:\/\/api.w.org\/{rel}","templated":true}]}}