{"id":4249,"date":"2022-12-29T23:09:22","date_gmt":"2022-12-29T22:09:22","guid":{"rendered":"https:\/\/www.giardinagroup.com\/?page_id=4249"},"modified":"2023-02-08T23:15:45","modified_gmt":"2023-02-08T22:15:45","slug":"mit-uns-arbeiten","status":"publish","type":"page","link":"https:\/\/www.giardinagroup.com\/de\/mit-uns-arbeiten\/","title":{"rendered":"Arbeiten Sie mit uns"},"content":{"rendered":"<h2>Unsere Jobangebote<\/h2>\n<hr \/>\n<p>Jeden Tag konzentrieren wir uns auf die Zukunft, wir innovieren, wir stellen Maschinen her, wir entwerfen neue L\u00f6sungen, wir machen die W\u00fcnsche unserer Kunden m\u00f6glich. Wir kommunizieren unsere Werte, wir schaffen neue Beziehungen, wir besuchen unsere Partner, organisieren die n\u00e4chsten Messen, wir suchen die besten Komponenten auf dem Markt. Wir vergleichen uns mit Mitbewerbern\u2026 wir erz\u00e4hlen unsere Geschichte!<\/p>\n<p><strong>Wenn du gerne im Team arbeitest, kann Giardina Group eine ernsthafte Jobchance sein,<\/strong> eine M\u00f6glichkeit, deine Kompetenz zu steigern und deine W\u00fcnsche zu erf\u00fcllen.<\/p>\n<p>Derzeit recherchieren wir folgende Arbeitskr\u00e4fte:<\/p>\n<ul>\n<li><strong>Technischer Produktionsleiter<\/strong>, verantwortlich f\u00fcr die Festlegung der T\u00e4tigkeitsbeschreibungen der einzelnen Mitarbeiter im Produktionsprozess<\/li>\n<li><strong>Gebietsleiter und Verk\u00e4ufer mit ausgepr\u00e4gter Verkaufsorientierung<\/strong> und Erfahrung im Bereich der Holzbearbeitungsmaschinen<\/li>\n<li><strong>Mechanische Montage- und Servicemitarbeiter<\/strong>, die auch bereit sind, auf der Stra\u00dfe zu arbeiten, eventuell mit Erfahrung im Bereich der Holzbearbeitungsmaschinen<\/li>\n<li><strong>Elektrotechnische Montage- und Servicemitarbeiter<\/strong>, die auch bereit sind, von zu Hause aus zu arbeiten, eventuell mit Erfahrung im Bereich der Holzbearbeitungsmaschinen<\/li>\n<li><strong>Werkspr\u00fcfer und Servicemitarbeiter<\/strong>, die auch bereit sind, von zu Hause aus zu arbeiten, eventuell mit Erfahrung im Bereich der Holzbearbeitungsmaschinen<\/li>\n<li><strong>Junglagerist<\/strong>, eventuell mit Erfahrung im Bereich der Holzbearbeitungsmaschinen<\/li>\n<\/ul>\n","protected":false},"excerpt":{"rendered":"<p>Unsere Jobangebote Jeden Tag konzentrieren wir uns auf die Zukunft, wir innovieren, wir stellen Maschinen her, wir entwerfen neue L\u00f6sungen, wir machen die W\u00fcnsche unserer Kunden m\u00f6glich. Wir kommunizieren unsere [&hellip;]<\/p>\n","protected":false},"author":712,"featured_media":0,"parent":0,"menu_order":8,"comment_status":"closed","ping_status":"closed","template":"template-work-with-us.php","meta":{"_acf_changed":false,"footnotes":""},"class_list":["post-4249","page","type-page","status-publish","hentry"],"acf":[],"yoast_head":"<!-- This site is optimized with the Yoast SEO plugin v27.2 - https:\/\/yoast.com\/product\/yoast-seo-wordpress\/ -->\n<title>Senden Sie uns Ihren Lebenslauf: Wir suchen gute Leute!<\/title>\n<meta name=\"description\" content=\"Die Giardina Group kann eine ernsthafte Jobchance sein: Entdecken Sie die Zahlen, die wir derzeit suchen\" \/>\n<meta name=\"robots\" content=\"index, follow, max-snippet:-1, max-image-preview:large, max-video-preview:-1\" \/>\n<link rel=\"canonical\" href=\"https:\/\/www.giardinagroup.com\/de\/mit-uns-arbeiten\/\" \/>\n<meta property=\"og:locale\" content=\"de_DE\" \/>\n<meta property=\"og:type\" content=\"article\" \/>\n<meta property=\"og:title\" content=\"Senden Sie uns Ihren Lebenslauf: Wir suchen gute Leute!\" \/>\n<meta property=\"og:description\" content=\"Die Giardina Group kann eine ernsthafte Jobchance sein: Entdecken Sie die Zahlen, die wir derzeit suchen\" \/>\n<meta property=\"og:url\" content=\"https:\/\/www.giardinagroup.com\/de\/mit-uns-arbeiten\/\" \/>\n<meta property=\"og:site_name\" content=\"Giardina Group\" \/>\n<meta property=\"article:publisher\" content=\"https:\/\/www.facebook.com\/GiardinaGroupItaly\/\" \/>\n<meta property=\"article:modified_time\" content=\"2023-02-08T22:15:45+00:00\" \/>\n<meta name=\"twitter:card\" content=\"summary_large_image\" \/>\n<meta name=\"twitter:label1\" content=\"Gesch\u00e4tzte Lesezeit\" \/>\n\t<meta name=\"twitter:data1\" content=\"1\u00a0Minute\" \/>\n<script type=\"application\/ld+json\" class=\"yoast-schema-graph\">{\"@context\":\"https:\/\/schema.org\",\"@graph\":[{\"@type\":\"WebPage\",\"@id\":\"https:\/\/www.giardinagroup.com\/de\/mit-uns-arbeiten\/\",\"url\":\"https:\/\/www.giardinagroup.com\/de\/mit-uns-arbeiten\/\",\"name\":\"Senden Sie uns Ihren Lebenslauf: Wir suchen gute Leute!\",\"isPartOf\":{\"@id\":\"https:\/\/www.giardinagroup.com\/de\/#website\"},\"datePublished\":\"2022-12-29T22:09:22+00:00\",\"dateModified\":\"2023-02-08T22:15:45+00:00\",\"description\":\"Die Giardina Group kann eine ernsthafte Jobchance sein: Entdecken Sie die Zahlen, die wir derzeit suchen\",\"breadcrumb\":{\"@id\":\"https:\/\/www.giardinagroup.com\/de\/mit-uns-arbeiten\/#breadcrumb\"},\"inLanguage\":\"de\",\"potentialAction\":[{\"@type\":\"ReadAction\",\"target\":[\"https:\/\/www.giardinagroup.com\/de\/mit-uns-arbeiten\/\"]}]},{\"@type\":\"BreadcrumbList\",\"@id\":\"https:\/\/www.giardinagroup.com\/de\/mit-uns-arbeiten\/#breadcrumb\",\"itemListElement\":[{\"@type\":\"ListItem\",\"position\":1,\"name\":\"Home\",\"item\":\"https:\/\/www.giardinagroup.com\/de\/\"},{\"@type\":\"ListItem\",\"position\":2,\"name\":\"Arbeiten Sie mit uns\"}]},{\"@type\":\"WebSite\",\"@id\":\"https:\/\/www.giardinagroup.com\/de\/#website\",\"url\":\"https:\/\/www.giardinagroup.com\/de\/\",\"name\":\"Giardina Group\",\"description\":\"\",\"potentialAction\":[{\"@type\":\"SearchAction\",\"target\":{\"@type\":\"EntryPoint\",\"urlTemplate\":\"https:\/\/www.giardinagroup.com\/de\/?s={search_term_string}\"},\"query-input\":{\"@type\":\"PropertyValueSpecification\",\"valueRequired\":true,\"valueName\":\"search_term_string\"}}],\"inLanguage\":\"de\"}]}<\/script>\n<!-- \/ Yoast SEO plugin. -->","yoast_head_json":{"title":"Senden Sie uns Ihren Lebenslauf: Wir suchen gute Leute!","description":"Die Giardina Group kann eine ernsthafte Jobchance sein: Entdecken Sie die Zahlen, die wir derzeit suchen","robots":{"index":"index","follow":"follow","max-snippet":"max-snippet:-1","max-image-preview":"max-image-preview:large","max-video-preview":"max-video-preview:-1"},"canonical":"https:\/\/www.giardinagroup.com\/de\/mit-uns-arbeiten\/","og_locale":"de_DE","og_type":"article","og_title":"Senden Sie uns Ihren Lebenslauf: Wir suchen gute Leute!","og_description":"Die Giardina Group kann eine ernsthafte Jobchance sein: Entdecken Sie die Zahlen, die wir derzeit suchen","og_url":"https:\/\/www.giardinagroup.com\/de\/mit-uns-arbeiten\/","og_site_name":"Giardina Group","article_publisher":"https:\/\/www.facebook.com\/GiardinaGroupItaly\/","article_modified_time":"2023-02-08T22:15:45+00:00","twitter_card":"summary_large_image","twitter_misc":{"Gesch\u00e4tzte Lesezeit":"1\u00a0Minute"},"schema":{"@context":"https:\/\/schema.org","@graph":[{"@type":"WebPage","@id":"https:\/\/www.giardinagroup.com\/de\/mit-uns-arbeiten\/","url":"https:\/\/www.giardinagroup.com\/de\/mit-uns-arbeiten\/","name":"Senden Sie uns Ihren Lebenslauf: Wir suchen gute Leute!","isPartOf":{"@id":"https:\/\/www.giardinagroup.com\/de\/#website"},"datePublished":"2022-12-29T22:09:22+00:00","dateModified":"2023-02-08T22:15:45+00:00","description":"Die Giardina Group kann eine ernsthafte Jobchance sein: Entdecken Sie die Zahlen, die wir derzeit suchen","breadcrumb":{"@id":"https:\/\/www.giardinagroup.com\/de\/mit-uns-arbeiten\/#breadcrumb"},"inLanguage":"de","potentialAction":[{"@type":"ReadAction","target":["https:\/\/www.giardinagroup.com\/de\/mit-uns-arbeiten\/"]}]},{"@type":"BreadcrumbList","@id":"https:\/\/www.giardinagroup.com\/de\/mit-uns-arbeiten\/#breadcrumb","itemListElement":[{"@type":"ListItem","position":1,"name":"Home","item":"https:\/\/www.giardinagroup.com\/de\/"},{"@type":"ListItem","position":2,"name":"Arbeiten Sie mit uns"}]},{"@type":"WebSite","@id":"https:\/\/www.giardinagroup.com\/de\/#website","url":"https:\/\/www.giardinagroup.com\/de\/","name":"Giardina Group","description":"","potentialAction":[{"@type":"SearchAction","target":{"@type":"EntryPoint","urlTemplate":"https:\/\/www.giardinagroup.com\/de\/?s={search_term_string}"},"query-input":{"@type":"PropertyValueSpecification","valueRequired":true,"valueName":"search_term_string"}}],"inLanguage":"de"}]}},"_links":{"self":[{"href":"https:\/\/www.giardinagroup.com\/de\/wp-json\/wp\/v2\/pages\/4249","targetHints":{"allow":["GET"]}}],"collection":[{"href":"https:\/\/www.giardinagroup.com\/de\/wp-json\/wp\/v2\/pages"}],"about":[{"href":"https:\/\/www.giardinagroup.com\/de\/wp-json\/wp\/v2\/types\/page"}],"author":[{"embeddable":true,"href":"https:\/\/www.giardinagroup.com\/de\/wp-json\/wp\/v2\/users\/712"}],"replies":[{"embeddable":true,"href":"https:\/\/www.giardinagroup.com\/de\/wp-json\/wp\/v2\/comments?post=4249"}],"version-history":[{"count":2,"href":"https:\/\/www.giardinagroup.com\/de\/wp-json\/wp\/v2\/pages\/4249\/revisions"}],"predecessor-version":[{"id":4251,"href":"https:\/\/www.giardinagroup.com\/de\/wp-json\/wp\/v2\/pages\/4249\/revisions\/4251"}],"wp:attachment":[{"href":"https:\/\/www.giardinagroup.com\/de\/wp-json\/wp\/v2\/media?parent=4249"}],"curies":[{"name":"wp","href":"https:\/\/api.w.org\/{rel}","templated":true}]}}