{"id":4010,"date":"2022-12-20T09:12:22","date_gmt":"2022-12-20T08:12:22","guid":{"rendered":"https:\/\/www.giardinagroup.com\/?page_id=4010"},"modified":"2026-03-08T21:17:34","modified_gmt":"2026-03-08T20:17:34","slug":"giardinagroup","status":"publish","type":"page","link":"https:\/\/www.giardinagroup.com\/de\/","title":{"rendered":"Giardina Group"},"content":{"rendered":"<p>Giardina Group ist weltweit f\u00fchrend in den Technologien zum Lackieren von Holz, Glas, Verbundwerkstoffen, Kunststoff und Metall.<\/p>\n<p>Es entstand aus der Fusion von\u00a0<b>Mauri Macchine\u00a0<\/b>und\u00a0<b>Giardina Finishing<\/b>, einem Unternehmen, das\u00a0<b>Anfang der siebziger Jahre\u00a0<\/b>gegr\u00fcndet wurde, und aus der k\u00fcrzlich erfolgten \u00dcbernahme von\u00a0<b>De Stefani<\/b>, die alle seit Jahrzehnten Protagonisten in den verschiedenen Bereichen Malerei, Veredelung und Schleifen sind. F\u00e4higkeiten, Professionalit\u00e4t und Erfahrungen, die seit 2017 in einem einzigen gro\u00dfen\u00a0<b>Technologiezentrum<\/b>\u00a0gesammelt wurden, das\u00a0<b>das gr\u00f6\u00dfte Produktionsprogramm<\/b>\u00a0der Branche bietet: von der Impr\u00e4gnierung der Tr\u00e4ger bis zur Behandlung von \u201cJumbo\u201d -Glasplatten, von der Bearbeitung von Kanten und Profilen \u00fcber hochentwickelte Roboteranlagen f\u00fcr die Lackierung von Fenstern\/T\u00fcren und M\u00f6beln bis hin zu hochwertigen L\u00f6sungen f\u00fcr das <strong>Schleifen<\/strong>.<br \/>\nIm Jahr 2023 hat die Giardina Group eine <strong>neue industrielle Partnerschaft<\/strong> gestartet, die zur \u00dcbernahme von <a href=\"https:\/\/www.marval.glass\/\"><strong>Marval<\/strong><\/a>, Spezialist f\u00fcr Technologien zur Herstellung von Isolierglas, und ab 2025 der Aktivit\u00e4ten von <a href=\"https:\/\/www.cmlfinishing.it\/it\"><strong>Cml Finishing<\/strong><\/a>, einem f\u00fchrenden Unternehmen in der Lackierung von Fenstern und T\u00fcren, gef\u00fchrt hat.<\/p>\n<p>Design, Entwicklung und Produktion von\u00a0<b>Maschinen und Komplettsystemen<\/b>\u00a0f\u00fcr Walzen, Berieselungs- und Spritzlackierung;\u00a0<b>automatisierte und Roboterlinien<\/b>\u00a0mit Hei\u00dfluft-, UV- oder Mikrowellentrocknungssystemen;\u00a0<b>H\u00e4ngebahnstra\u00dfen<\/b>\u00a0zum Lackieren von T\u00fcren und Fenstern oder dreidimensionalen Teilen,\u00a0<b>Lackierkabinen<\/b>\u00a0und\u00a0<b>Spezialsystemen<\/b>, L\u00f6sungen zum Schleifen von Kanten, Profilen und Oberfl\u00e4chen. Kurz gesagt, dies sind die Technologiebereiche, die von der Giardina Group verwaltet werden (70 Mitarbeiter, ein Umsatz von rund 20 Millionen Euro und ein Export von 95 Prozent).<\/p>\n<p>Heute ist die Gruppe in zwei Produktionsst\u00e4tten unterteilt: Die Lackieraktivit\u00e4ten ab Januar 2018 wurden in den gro\u00dfen R\u00e4umen von\u00a0<b>Figino Serenza\u00a0<\/b>(Como, Italien), dem historischen Hauptsitz von Giardina Finishing, zusammengef\u00fchrt, w\u00e4hrend das Design und die Implementierung der Schleifl\u00f6sungen fortgesetzt werden im Hauptquartier von De Stefani in\u00a0<b>Novedrate<\/b>\u00a0(Como, Italien).<\/p>\n","protected":false},"excerpt":{"rendered":"<p>Giardina Group ist weltweit f\u00fchrend in den Technologien zum Lackieren von Holz, Glas, Verbundwerkstoffen, Kunststoff und Metall. Es entstand aus der Fusion von\u00a0Mauri Macchine\u00a0und\u00a0Giardina Finishing, einem Unternehmen, das\u00a0Anfang der siebziger [&hellip;]<\/p>\n","protected":false},"author":712,"featured_media":0,"parent":0,"menu_order":0,"comment_status":"closed","ping_status":"closed","template":"","meta":{"_acf_changed":false,"footnotes":""},"class_list":["post-4010","page","type-page","status-publish","hentry"],"acf":[],"yoast_head":"<!-- This site is optimized with the Yoast SEO plugin v27.2 - https:\/\/yoast.com\/product\/yoast-seo-wordpress\/ -->\n<title>Giardina Group - Maschinen und komplette Lackieranlagen<\/title>\n<meta name=\"description\" content=\"Die Giardina Group produziert Technologien f\u00fcr die Lackierung von Holz, Glas, Verbundwerkstoffen, Kunststoff und Metall.\" \/>\n<meta name=\"robots\" content=\"index, follow, max-snippet:-1, max-image-preview:large, max-video-preview:-1\" \/>\n<link rel=\"canonical\" href=\"https:\/\/www.giardinagroup.com\/de\/\" \/>\n<meta property=\"og:locale\" content=\"de_DE\" \/>\n<meta property=\"og:type\" content=\"article\" \/>\n<meta property=\"og:title\" content=\"Giardina Group - Maschinen und komplette Lackieranlagen\" \/>\n<meta property=\"og:description\" content=\"Die Giardina Group produziert Technologien f\u00fcr die Lackierung von Holz, Glas, Verbundwerkstoffen, Kunststoff und Metall.\" \/>\n<meta property=\"og:url\" content=\"https:\/\/www.giardinagroup.com\/de\/\" \/>\n<meta property=\"og:site_name\" content=\"Giardina Group\" \/>\n<meta property=\"article:publisher\" content=\"https:\/\/www.facebook.com\/GiardinaGroupItaly\/\" \/>\n<meta property=\"article:modified_time\" content=\"2026-03-08T20:17:34+00:00\" \/>\n<meta name=\"twitter:card\" content=\"summary_large_image\" \/>\n<meta name=\"twitter:label1\" content=\"Gesch\u00e4tzte Lesezeit\" \/>\n\t<meta name=\"twitter:data1\" content=\"2\u00a0Minuten\" \/>\n<script type=\"application\/ld+json\" class=\"yoast-schema-graph\">{\"@context\":\"https:\/\/schema.org\",\"@graph\":[{\"@type\":\"WebPage\",\"@id\":\"https:\/\/www.giardinagroup.com\/de\/\",\"url\":\"https:\/\/www.giardinagroup.com\/de\/\",\"name\":\"Giardina Group - Maschinen und komplette Lackieranlagen\",\"isPartOf\":{\"@id\":\"https:\/\/www.giardinagroup.com\/de\/#website\"},\"datePublished\":\"2022-12-20T08:12:22+00:00\",\"dateModified\":\"2026-03-08T20:17:34+00:00\",\"description\":\"Die Giardina Group produziert Technologien f\u00fcr die Lackierung von Holz, Glas, Verbundwerkstoffen, Kunststoff und Metall.\",\"breadcrumb\":{\"@id\":\"https:\/\/www.giardinagroup.com\/de\/#breadcrumb\"},\"inLanguage\":\"de\",\"potentialAction\":[{\"@type\":\"ReadAction\",\"target\":[\"https:\/\/www.giardinagroup.com\/de\/\"]}]},{\"@type\":\"BreadcrumbList\",\"@id\":\"https:\/\/www.giardinagroup.com\/de\/#breadcrumb\",\"itemListElement\":[{\"@type\":\"ListItem\",\"position\":1,\"name\":\"Home\",\"item\":\"https:\/\/www.giardinagroup.com\/de\/\"},{\"@type\":\"ListItem\",\"position\":2,\"name\":\"Giardina Group\"}]},{\"@type\":\"WebSite\",\"@id\":\"https:\/\/www.giardinagroup.com\/de\/#website\",\"url\":\"https:\/\/www.giardinagroup.com\/de\/\",\"name\":\"Giardina Group\",\"description\":\"\",\"potentialAction\":[{\"@type\":\"SearchAction\",\"target\":{\"@type\":\"EntryPoint\",\"urlTemplate\":\"https:\/\/www.giardinagroup.com\/de\/?s={search_term_string}\"},\"query-input\":{\"@type\":\"PropertyValueSpecification\",\"valueRequired\":true,\"valueName\":\"search_term_string\"}}],\"inLanguage\":\"de\"}]}<\/script>\n<!-- \/ Yoast SEO plugin. -->","yoast_head_json":{"title":"Giardina Group - Maschinen und komplette Lackieranlagen","description":"Die Giardina Group produziert Technologien f\u00fcr die Lackierung von Holz, Glas, Verbundwerkstoffen, Kunststoff und Metall.","robots":{"index":"index","follow":"follow","max-snippet":"max-snippet:-1","max-image-preview":"max-image-preview:large","max-video-preview":"max-video-preview:-1"},"canonical":"https:\/\/www.giardinagroup.com\/de\/","og_locale":"de_DE","og_type":"article","og_title":"Giardina Group - Maschinen und komplette Lackieranlagen","og_description":"Die Giardina Group produziert Technologien f\u00fcr die Lackierung von Holz, Glas, Verbundwerkstoffen, Kunststoff und Metall.","og_url":"https:\/\/www.giardinagroup.com\/de\/","og_site_name":"Giardina Group","article_publisher":"https:\/\/www.facebook.com\/GiardinaGroupItaly\/","article_modified_time":"2026-03-08T20:17:34+00:00","twitter_card":"summary_large_image","twitter_misc":{"Gesch\u00e4tzte Lesezeit":"2\u00a0Minuten"},"schema":{"@context":"https:\/\/schema.org","@graph":[{"@type":"WebPage","@id":"https:\/\/www.giardinagroup.com\/de\/","url":"https:\/\/www.giardinagroup.com\/de\/","name":"Giardina Group - Maschinen und komplette Lackieranlagen","isPartOf":{"@id":"https:\/\/www.giardinagroup.com\/de\/#website"},"datePublished":"2022-12-20T08:12:22+00:00","dateModified":"2026-03-08T20:17:34+00:00","description":"Die Giardina Group produziert Technologien f\u00fcr die Lackierung von Holz, Glas, Verbundwerkstoffen, Kunststoff und Metall.","breadcrumb":{"@id":"https:\/\/www.giardinagroup.com\/de\/#breadcrumb"},"inLanguage":"de","potentialAction":[{"@type":"ReadAction","target":["https:\/\/www.giardinagroup.com\/de\/"]}]},{"@type":"BreadcrumbList","@id":"https:\/\/www.giardinagroup.com\/de\/#breadcrumb","itemListElement":[{"@type":"ListItem","position":1,"name":"Home","item":"https:\/\/www.giardinagroup.com\/de\/"},{"@type":"ListItem","position":2,"name":"Giardina Group"}]},{"@type":"WebSite","@id":"https:\/\/www.giardinagroup.com\/de\/#website","url":"https:\/\/www.giardinagroup.com\/de\/","name":"Giardina Group","description":"","potentialAction":[{"@type":"SearchAction","target":{"@type":"EntryPoint","urlTemplate":"https:\/\/www.giardinagroup.com\/de\/?s={search_term_string}"},"query-input":{"@type":"PropertyValueSpecification","valueRequired":true,"valueName":"search_term_string"}}],"inLanguage":"de"}]}},"_links":{"self":[{"href":"https:\/\/www.giardinagroup.com\/de\/wp-json\/wp\/v2\/pages\/4010","targetHints":{"allow":["GET"]}}],"collection":[{"href":"https:\/\/www.giardinagroup.com\/de\/wp-json\/wp\/v2\/pages"}],"about":[{"href":"https:\/\/www.giardinagroup.com\/de\/wp-json\/wp\/v2\/types\/page"}],"author":[{"embeddable":true,"href":"https:\/\/www.giardinagroup.com\/de\/wp-json\/wp\/v2\/users\/712"}],"replies":[{"embeddable":true,"href":"https:\/\/www.giardinagroup.com\/de\/wp-json\/wp\/v2\/comments?post=4010"}],"version-history":[{"count":9,"href":"https:\/\/www.giardinagroup.com\/de\/wp-json\/wp\/v2\/pages\/4010\/revisions"}],"predecessor-version":[{"id":11873,"href":"https:\/\/www.giardinagroup.com\/de\/wp-json\/wp\/v2\/pages\/4010\/revisions\/11873"}],"wp:attachment":[{"href":"https:\/\/www.giardinagroup.com\/de\/wp-json\/wp\/v2\/media?parent=4010"}],"curies":[{"name":"wp","href":"https:\/\/api.w.org\/{rel}","templated":true}]}}