{"id":2385,"date":"2022-12-27T12:13:23","date_gmt":"2022-12-27T11:13:23","guid":{"rendered":"https:\/\/www.giardinagroup.com\/?page_id=2385"},"modified":"2023-02-21T15:05:39","modified_gmt":"2023-02-21T14:05:39","slug":"materialien","status":"publish","type":"page","link":"https:\/\/www.giardinagroup.com\/de\/materialien\/","title":{"rendered":"Materialien"},"content":{"rendered":"<h2>Finden Sie Ihre L\u00f6sung<\/h2>\n<hr \/>\n<p>Aufgrund der langj\u00e4hrigen Erfahrung kann die Giardina Group komplette Maschinen und Systeme zum\u00a0<strong>Lackieren von Holz, Glas, Kunststoff, Metall, Zement und Verbundstoffen entwerfen<\/strong>, entwickeln und herstellen.<br \/>\nDurch die \u00dcbernahme der Firma De Stefani wurde unser Angebot um Maschinen und L\u00f6sungen zum\u00a0<strong>Schleifen von Kanten, Profilen und Oberfl\u00e4chen erweitert<\/strong>.<br \/>\nDank dieses reichen und tiefgreifenden Erfahrungsschatzes entstehen perfekte L\u00f6sungen f\u00fcr spezielle Anwendungen.<br \/>\nDer umfangreiche Katalog umfasst folgende Maschinekategorien: Walzenauftrags-, Giess- und Spritzmaschinen inkl. automatisierte und robotisierte Lackieranlagen, Heissluft-, Mikrowellen- und UV-Trocknung, Lackieranlagen mit H\u00e4ngef\u00f6rdersystemen zur Beschichtung von Fenstern oder dreidimensionalen Teilen, Lackierkabinen und spezielle Systeme f\u00fcr jeden Bedarf, sowie ein breites Angebot an Schleifl\u00f6sungen.<br \/>\nDer gesamte Produktionsprozess der \u201cGiardina Group\u201d findet in Italien, in Figino Serenza und Giussano, im Herzen der \u201cBrianza del Mobile\u201d statt und ist nur wenige Kilometer von Mailand entfernt, der Hauptstadt der Wirtschaft und Industrie, aber auch von\u00a0\u00a0 Design, Stil, Geschmack, Trends auch in Bezug auf Oberfl\u00e4chenfertigung\u2026<\/p>\n","protected":false},"excerpt":{"rendered":"<p>Finden Sie Ihre L\u00f6sung Aufgrund der langj\u00e4hrigen Erfahrung kann die Giardina Group komplette Maschinen und Systeme zum\u00a0Lackieren von Holz, Glas, Kunststoff, Metall, Zement und Verbundstoffen entwerfen, entwickeln und herstellen. Durch [&hellip;]<\/p>\n","protected":false},"author":712,"featured_media":0,"parent":0,"menu_order":3,"comment_status":"closed","ping_status":"closed","template":"template-application-fields.php","meta":{"_acf_changed":false,"footnotes":""},"class_list":["post-2385","page","type-page","status-publish","hentry"],"acf":[],"yoast_head":"<!-- This site is optimized with the Yoast SEO plugin v27.2 - https:\/\/yoast.com\/product\/yoast-seo-wordpress\/ -->\n<title>Materialien - Giardina Group<\/title>\n<meta name=\"robots\" content=\"index, follow, max-snippet:-1, max-image-preview:large, max-video-preview:-1\" \/>\n<link rel=\"canonical\" href=\"https:\/\/www.giardinagroup.com\/de\/materialien\/\" \/>\n<meta property=\"og:locale\" content=\"de_DE\" \/>\n<meta property=\"og:type\" content=\"article\" \/>\n<meta property=\"og:title\" content=\"Materialien - Giardina Group\" \/>\n<meta property=\"og:description\" content=\"Finden Sie Ihre L\u00f6sung Aufgrund der langj\u00e4hrigen Erfahrung kann die Giardina Group komplette Maschinen und Systeme zum\u00a0Lackieren von Holz, Glas, Kunststoff, Metall, Zement und Verbundstoffen entwerfen, entwickeln und herstellen. Durch [&hellip;]\" \/>\n<meta property=\"og:url\" content=\"https:\/\/www.giardinagroup.com\/de\/materialien\/\" \/>\n<meta property=\"og:site_name\" content=\"Giardina Group\" \/>\n<meta property=\"article:publisher\" content=\"https:\/\/www.facebook.com\/GiardinaGroupItaly\/\" \/>\n<meta property=\"article:modified_time\" content=\"2023-02-21T14:05:39+00:00\" \/>\n<meta name=\"twitter:card\" content=\"summary_large_image\" \/>\n<meta name=\"twitter:label1\" content=\"Gesch\u00e4tzte Lesezeit\" \/>\n\t<meta name=\"twitter:data1\" content=\"1\u00a0Minute\" \/>\n<script type=\"application\/ld+json\" class=\"yoast-schema-graph\">{\"@context\":\"https:\/\/schema.org\",\"@graph\":[{\"@type\":\"WebPage\",\"@id\":\"https:\/\/www.giardinagroup.com\/de\/materialien\/\",\"url\":\"https:\/\/www.giardinagroup.com\/de\/materialien\/\",\"name\":\"Materialien - Giardina Group\",\"isPartOf\":{\"@id\":\"https:\/\/www.giardinagroup.com\/de\/#website\"},\"datePublished\":\"2022-12-27T11:13:23+00:00\",\"dateModified\":\"2023-02-21T14:05:39+00:00\",\"breadcrumb\":{\"@id\":\"https:\/\/www.giardinagroup.com\/de\/materialien\/#breadcrumb\"},\"inLanguage\":\"de\",\"potentialAction\":[{\"@type\":\"ReadAction\",\"target\":[\"https:\/\/www.giardinagroup.com\/de\/materialien\/\"]}]},{\"@type\":\"BreadcrumbList\",\"@id\":\"https:\/\/www.giardinagroup.com\/de\/materialien\/#breadcrumb\",\"itemListElement\":[{\"@type\":\"ListItem\",\"position\":1,\"name\":\"Home\",\"item\":\"https:\/\/www.giardinagroup.com\/de\/\"},{\"@type\":\"ListItem\",\"position\":2,\"name\":\"Materialien\"}]},{\"@type\":\"WebSite\",\"@id\":\"https:\/\/www.giardinagroup.com\/de\/#website\",\"url\":\"https:\/\/www.giardinagroup.com\/de\/\",\"name\":\"Giardina Group\",\"description\":\"\",\"potentialAction\":[{\"@type\":\"SearchAction\",\"target\":{\"@type\":\"EntryPoint\",\"urlTemplate\":\"https:\/\/www.giardinagroup.com\/de\/?s={search_term_string}\"},\"query-input\":{\"@type\":\"PropertyValueSpecification\",\"valueRequired\":true,\"valueName\":\"search_term_string\"}}],\"inLanguage\":\"de\"}]}<\/script>\n<!-- \/ Yoast SEO plugin. -->","yoast_head_json":{"title":"Materialien - Giardina Group","robots":{"index":"index","follow":"follow","max-snippet":"max-snippet:-1","max-image-preview":"max-image-preview:large","max-video-preview":"max-video-preview:-1"},"canonical":"https:\/\/www.giardinagroup.com\/de\/materialien\/","og_locale":"de_DE","og_type":"article","og_title":"Materialien - Giardina Group","og_description":"Finden Sie Ihre L\u00f6sung Aufgrund der langj\u00e4hrigen Erfahrung kann die Giardina Group komplette Maschinen und Systeme zum\u00a0Lackieren von Holz, Glas, Kunststoff, Metall, Zement und Verbundstoffen entwerfen, entwickeln und herstellen. Durch [&hellip;]","og_url":"https:\/\/www.giardinagroup.com\/de\/materialien\/","og_site_name":"Giardina Group","article_publisher":"https:\/\/www.facebook.com\/GiardinaGroupItaly\/","article_modified_time":"2023-02-21T14:05:39+00:00","twitter_card":"summary_large_image","twitter_misc":{"Gesch\u00e4tzte Lesezeit":"1\u00a0Minute"},"schema":{"@context":"https:\/\/schema.org","@graph":[{"@type":"WebPage","@id":"https:\/\/www.giardinagroup.com\/de\/materialien\/","url":"https:\/\/www.giardinagroup.com\/de\/materialien\/","name":"Materialien - Giardina Group","isPartOf":{"@id":"https:\/\/www.giardinagroup.com\/de\/#website"},"datePublished":"2022-12-27T11:13:23+00:00","dateModified":"2023-02-21T14:05:39+00:00","breadcrumb":{"@id":"https:\/\/www.giardinagroup.com\/de\/materialien\/#breadcrumb"},"inLanguage":"de","potentialAction":[{"@type":"ReadAction","target":["https:\/\/www.giardinagroup.com\/de\/materialien\/"]}]},{"@type":"BreadcrumbList","@id":"https:\/\/www.giardinagroup.com\/de\/materialien\/#breadcrumb","itemListElement":[{"@type":"ListItem","position":1,"name":"Home","item":"https:\/\/www.giardinagroup.com\/de\/"},{"@type":"ListItem","position":2,"name":"Materialien"}]},{"@type":"WebSite","@id":"https:\/\/www.giardinagroup.com\/de\/#website","url":"https:\/\/www.giardinagroup.com\/de\/","name":"Giardina Group","description":"","potentialAction":[{"@type":"SearchAction","target":{"@type":"EntryPoint","urlTemplate":"https:\/\/www.giardinagroup.com\/de\/?s={search_term_string}"},"query-input":{"@type":"PropertyValueSpecification","valueRequired":true,"valueName":"search_term_string"}}],"inLanguage":"de"}]}},"_links":{"self":[{"href":"https:\/\/www.giardinagroup.com\/de\/wp-json\/wp\/v2\/pages\/2385","targetHints":{"allow":["GET"]}}],"collection":[{"href":"https:\/\/www.giardinagroup.com\/de\/wp-json\/wp\/v2\/pages"}],"about":[{"href":"https:\/\/www.giardinagroup.com\/de\/wp-json\/wp\/v2\/types\/page"}],"author":[{"embeddable":true,"href":"https:\/\/www.giardinagroup.com\/de\/wp-json\/wp\/v2\/users\/712"}],"replies":[{"embeddable":true,"href":"https:\/\/www.giardinagroup.com\/de\/wp-json\/wp\/v2\/comments?post=2385"}],"version-history":[{"count":6,"href":"https:\/\/www.giardinagroup.com\/de\/wp-json\/wp\/v2\/pages\/2385\/revisions"}],"predecessor-version":[{"id":5976,"href":"https:\/\/www.giardinagroup.com\/de\/wp-json\/wp\/v2\/pages\/2385\/revisions\/5976"}],"wp:attachment":[{"href":"https:\/\/www.giardinagroup.com\/de\/wp-json\/wp\/v2\/media?parent=2385"}],"curies":[{"name":"wp","href":"https:\/\/api.w.org\/{rel}","templated":true}]}}