{"id":1773,"date":"2022-12-20T23:40:01","date_gmt":"2022-12-20T22:40:01","guid":{"rendered":"https:\/\/www.giardinagroup.com\/?page_id=1773"},"modified":"2023-02-10T09:56:26","modified_gmt":"2023-02-10T08:56:26","slug":"cookie-policy","status":"publish","type":"page","link":"https:\/\/www.giardinagroup.com\/de\/cookie-policy\/","title":{"rendered":"Cookie Policy"},"content":{"rendered":"<p>Die italienische Datenschutzbeh\u00f6rde hat am 8. Mai 2014 die Verf\u00fcgung Nr. 229 \u201eIdentifizierung vereinfachter Verfahren zur Information und Einholung der Cookie-Einwilligung\u201c mit anschlie\u00dfender Ver\u00f6ffentlichung im Amtsblatt vom 3. Juni 2014 erlassen. Durch diese Verf\u00fcgung setzt die Datenschutzbeh\u00f6rde die europ\u00e4ischen Richtlinien um, nach denen jede Website beim ersten Zugriff eines Besuchers ein Informationsbanner anzeigen muss, das ihn \u00fcber die Cookie-Politik der von ihm besuchten Website informiert, und die Fortsetzung der Navigation von der Annahme dieser Politik abh\u00e4ngig macht. Der vollst\u00e4ndige Text der Verf\u00fcgung ist verf\u00fcgbar unter der URL\u00a0<a href=\"http:\/\/www.garanteprivacy.it\/web\/guest\/home\/docweb\/-\/docweb-display\/docweb\/3118884\">http:\/\/www.garanteprivacy.it\/web\/guest\/home\/docweb\/-\/docweb-display\/docweb\/3118884.<\/a><\/p>\n<p><b>Definition<\/b><\/p>\n<p>Cookies sind kleine Datens\u00e4tze, die die vom Nutzer besuchten Seiten an sein Endger\u00e4t (in der Regel den Browser) senden, wo sie gespeichert und dann beim n\u00e4chsten Besuch desselben Nutzers an diese Webseiten zur\u00fcckgesendet werden. W\u00e4hrend des Besuchs einer Website kann der Nutzer auf seinem Endger\u00e4t auch Cookies empfangen, die von anderen Websites oder Webservern (sog. \u201eThird-Party-Cookies\u201c) gesendet werden, auf denen bestimmte Elemente (wie z.B. Bilder, Karten, Sounds, bestimmte Links zu Seiten anderer Dom\u00e4nen) vorhanden sein k\u00f6nnen, die sich auf der Website befinden, die er besucht. Cookies, die normalerweise in den Browsern der Nutzer in sehr gro\u00dfer Zahl und manchmal mit Merkmalen von gro\u00dfer zeitlicher Persistenz vorhanden sind, werden f\u00fcr verschiedene Zwecke verwendet: Ausf\u00fchrung der Computerauthentifizierung, \u00dcberwachung von Sitzungen, Speicherung von Informationen \u00fcber bestimmte Konfigurationen bez\u00fcglich des Zugriffs von Nutzern auf den Server, etc. Die Aufsichtsbeh\u00f6rde hat, um eine korrekte Regelung der Richtlinie zu erreichen, zwei Makrokategorien von Cookies identifiziert:\u00a0<b>Technische Cookies<\/b>\u00a0und\u00a0<b>Profiler-Cookies<\/b>. Es wurde gleichzeitig eine weitere Unterscheidung hinsichtlich der Person festgelegt, die die Cookies setzt, die derselbe Betreiber der Website sein kann (\u201ePublisher\u201c) oder ein Dritter, der Cookies \u00fcber den ersten installiert, wobei diese Art als \u201e<b>Cookies von Drittanbietern<\/b>\u201c bezeichnet wird. Im letzteren Fall hat die Aufsichtsbeh\u00f6rde die Verantwortung des Publishers ausdr\u00fccklich auf den Verweis auf die Informationen der Partei beschr\u00e4nkt, die diese Cookies setzt.<\/p>\n<p>&nbsp;<\/p>\n<p><script type=\"text\/javascript\" charset=\"UTF-8\" data-cookiescriptreport=\"report\" src=\"\/\/report.cookie-script.com\/r\/d900ecf3012e6b4992ca636dde3dfba6.js\"><\/script><\/p>\n<p>&nbsp;<\/p>\n<p><b>Cookie-Einstellungen \u00fcberpr\u00fcfen und Cookies deaktivieren<\/b><\/p>\n<p>Cookies erleichtern und beschleunigen die Navigation auf unserer Website, Sie k\u00f6nnen sie aber auch ablehnen, wenn Sie m\u00f6chten. Dies wird uns jedoch daran hindern, uns an Ihre Favoriten zu erinnern, Ihnen personalisierte Inhalte anzubieten und aggregierte Daten von Ihrem Besuch auf der Website zu sammeln. Sie k\u00f6nnen Ihre Cookie-Einstellungen direkt \u00fcber Ihren Webbrowser \u00e4ndern. Um mehr dar\u00fcber zu erfahren, wie Sie Cookies in Ihrem Browser verwalten und l\u00f6schen k\u00f6nnen, gehen Sie zu den folgenden Links:<\/p>\n<ul>\n<li>Weitere Informationen zum Blockieren von Cookies auf\u00a0<a href=\"https:\/\/support.mozilla.org\/de\/kb\/cookies-erlauben-und-ablehnen\">Firefox<\/a><\/li>\n<li>Weitere Informationen zum Blockieren von Cookies auf\u00a0<a href=\"https:\/\/support.google.com\/chrome\/answer\/95647?hl=de\">Chrome<\/a><\/li>\n<li>Weitere Informationen zum Blockieren von Cookies auf\u00a0<a href=\"https:\/\/support.apple.com\/de-de\/HT201265\">Safari<\/a><\/li>\n<li>Weitere Informationen zum Blockieren von Cookies auf\u00a0<a href=\"https:\/\/support.microsoft.com\/de-de\/help\/17442\/windows-internet-explorer-delete-manage-cookies#ie=ie-11\">Internet Explorer<\/a><\/li>\n<\/ul>\n","protected":false},"excerpt":{"rendered":"<p>Die italienische Datenschutzbeh\u00f6rde hat am 8. Mai 2014 die Verf\u00fcgung Nr. 229 \u201eIdentifizierung vereinfachter Verfahren zur Information und Einholung der Cookie-Einwilligung\u201c mit anschlie\u00dfender Ver\u00f6ffentlichung im Amtsblatt vom 3. Juni 2014 [&hellip;]<\/p>\n","protected":false},"author":712,"featured_media":0,"parent":0,"menu_order":40,"comment_status":"closed","ping_status":"closed","template":"","meta":{"_acf_changed":false,"footnotes":""},"class_list":["post-1773","page","type-page","status-publish","hentry"],"acf":[],"yoast_head":"<!-- This site is optimized with the Yoast SEO plugin v27.2 - https:\/\/yoast.com\/product\/yoast-seo-wordpress\/ -->\n<title>Cookie Policy - Giardina Group<\/title>\n<meta name=\"robots\" content=\"index, follow, max-snippet:-1, max-image-preview:large, max-video-preview:-1\" \/>\n<link rel=\"canonical\" href=\"https:\/\/www.giardinagroup.com\/de\/cookie-policy\/\" \/>\n<meta property=\"og:locale\" content=\"de_DE\" \/>\n<meta property=\"og:type\" content=\"article\" \/>\n<meta property=\"og:title\" content=\"Cookie Policy - Giardina Group\" \/>\n<meta property=\"og:description\" content=\"Die italienische Datenschutzbeh\u00f6rde hat am 8. Mai 2014 die Verf\u00fcgung Nr. 229 \u201eIdentifizierung vereinfachter Verfahren zur Information und Einholung der Cookie-Einwilligung\u201c mit anschlie\u00dfender Ver\u00f6ffentlichung im Amtsblatt vom 3. Juni 2014 [&hellip;]\" \/>\n<meta property=\"og:url\" content=\"https:\/\/www.giardinagroup.com\/de\/cookie-policy\/\" \/>\n<meta property=\"og:site_name\" content=\"Giardina Group\" \/>\n<meta property=\"article:publisher\" content=\"https:\/\/www.facebook.com\/GiardinaGroupItaly\/\" \/>\n<meta property=\"article:modified_time\" content=\"2023-02-10T08:56:26+00:00\" \/>\n<meta name=\"twitter:card\" content=\"summary_large_image\" \/>\n<meta name=\"twitter:label1\" content=\"Gesch\u00e4tzte Lesezeit\" \/>\n\t<meta name=\"twitter:data1\" content=\"2\u00a0Minuten\" \/>\n<script type=\"application\/ld+json\" class=\"yoast-schema-graph\">{\"@context\":\"https:\/\/schema.org\",\"@graph\":[{\"@type\":\"WebPage\",\"@id\":\"https:\/\/www.giardinagroup.com\/de\/cookie-policy\/\",\"url\":\"https:\/\/www.giardinagroup.com\/de\/cookie-policy\/\",\"name\":\"Cookie Policy - Giardina Group\",\"isPartOf\":{\"@id\":\"https:\/\/www.giardinagroup.com\/de\/#website\"},\"datePublished\":\"2022-12-20T22:40:01+00:00\",\"dateModified\":\"2023-02-10T08:56:26+00:00\",\"breadcrumb\":{\"@id\":\"https:\/\/www.giardinagroup.com\/de\/cookie-policy\/#breadcrumb\"},\"inLanguage\":\"de\",\"potentialAction\":[{\"@type\":\"ReadAction\",\"target\":[\"https:\/\/www.giardinagroup.com\/de\/cookie-policy\/\"]}]},{\"@type\":\"BreadcrumbList\",\"@id\":\"https:\/\/www.giardinagroup.com\/de\/cookie-policy\/#breadcrumb\",\"itemListElement\":[{\"@type\":\"ListItem\",\"position\":1,\"name\":\"Home\",\"item\":\"https:\/\/www.giardinagroup.com\/de\/\"},{\"@type\":\"ListItem\",\"position\":2,\"name\":\"Cookie Policy\"}]},{\"@type\":\"WebSite\",\"@id\":\"https:\/\/www.giardinagroup.com\/de\/#website\",\"url\":\"https:\/\/www.giardinagroup.com\/de\/\",\"name\":\"Giardina Group\",\"description\":\"\",\"potentialAction\":[{\"@type\":\"SearchAction\",\"target\":{\"@type\":\"EntryPoint\",\"urlTemplate\":\"https:\/\/www.giardinagroup.com\/de\/?s={search_term_string}\"},\"query-input\":{\"@type\":\"PropertyValueSpecification\",\"valueRequired\":true,\"valueName\":\"search_term_string\"}}],\"inLanguage\":\"de\"}]}<\/script>\n<!-- \/ Yoast SEO plugin. -->","yoast_head_json":{"title":"Cookie Policy - Giardina Group","robots":{"index":"index","follow":"follow","max-snippet":"max-snippet:-1","max-image-preview":"max-image-preview:large","max-video-preview":"max-video-preview:-1"},"canonical":"https:\/\/www.giardinagroup.com\/de\/cookie-policy\/","og_locale":"de_DE","og_type":"article","og_title":"Cookie Policy - Giardina Group","og_description":"Die italienische Datenschutzbeh\u00f6rde hat am 8. Mai 2014 die Verf\u00fcgung Nr. 229 \u201eIdentifizierung vereinfachter Verfahren zur Information und Einholung der Cookie-Einwilligung\u201c mit anschlie\u00dfender Ver\u00f6ffentlichung im Amtsblatt vom 3. Juni 2014 [&hellip;]","og_url":"https:\/\/www.giardinagroup.com\/de\/cookie-policy\/","og_site_name":"Giardina Group","article_publisher":"https:\/\/www.facebook.com\/GiardinaGroupItaly\/","article_modified_time":"2023-02-10T08:56:26+00:00","twitter_card":"summary_large_image","twitter_misc":{"Gesch\u00e4tzte Lesezeit":"2\u00a0Minuten"},"schema":{"@context":"https:\/\/schema.org","@graph":[{"@type":"WebPage","@id":"https:\/\/www.giardinagroup.com\/de\/cookie-policy\/","url":"https:\/\/www.giardinagroup.com\/de\/cookie-policy\/","name":"Cookie Policy - Giardina Group","isPartOf":{"@id":"https:\/\/www.giardinagroup.com\/de\/#website"},"datePublished":"2022-12-20T22:40:01+00:00","dateModified":"2023-02-10T08:56:26+00:00","breadcrumb":{"@id":"https:\/\/www.giardinagroup.com\/de\/cookie-policy\/#breadcrumb"},"inLanguage":"de","potentialAction":[{"@type":"ReadAction","target":["https:\/\/www.giardinagroup.com\/de\/cookie-policy\/"]}]},{"@type":"BreadcrumbList","@id":"https:\/\/www.giardinagroup.com\/de\/cookie-policy\/#breadcrumb","itemListElement":[{"@type":"ListItem","position":1,"name":"Home","item":"https:\/\/www.giardinagroup.com\/de\/"},{"@type":"ListItem","position":2,"name":"Cookie Policy"}]},{"@type":"WebSite","@id":"https:\/\/www.giardinagroup.com\/de\/#website","url":"https:\/\/www.giardinagroup.com\/de\/","name":"Giardina Group","description":"","potentialAction":[{"@type":"SearchAction","target":{"@type":"EntryPoint","urlTemplate":"https:\/\/www.giardinagroup.com\/de\/?s={search_term_string}"},"query-input":{"@type":"PropertyValueSpecification","valueRequired":true,"valueName":"search_term_string"}}],"inLanguage":"de"}]}},"_links":{"self":[{"href":"https:\/\/www.giardinagroup.com\/de\/wp-json\/wp\/v2\/pages\/1773","targetHints":{"allow":["GET"]}}],"collection":[{"href":"https:\/\/www.giardinagroup.com\/de\/wp-json\/wp\/v2\/pages"}],"about":[{"href":"https:\/\/www.giardinagroup.com\/de\/wp-json\/wp\/v2\/types\/page"}],"author":[{"embeddable":true,"href":"https:\/\/www.giardinagroup.com\/de\/wp-json\/wp\/v2\/users\/712"}],"replies":[{"embeddable":true,"href":"https:\/\/www.giardinagroup.com\/de\/wp-json\/wp\/v2\/comments?post=1773"}],"version-history":[{"count":3,"href":"https:\/\/www.giardinagroup.com\/de\/wp-json\/wp\/v2\/pages\/1773\/revisions"}],"predecessor-version":[{"id":5955,"href":"https:\/\/www.giardinagroup.com\/de\/wp-json\/wp\/v2\/pages\/1773\/revisions\/5955"}],"wp:attachment":[{"href":"https:\/\/www.giardinagroup.com\/de\/wp-json\/wp\/v2\/media?parent=1773"}],"curies":[{"name":"wp","href":"https:\/\/api.w.org\/{rel}","templated":true}]}}