{"id":1766,"date":"2022-12-20T09:13:22","date_gmt":"2022-12-20T08:13:22","guid":{"rendered":"https:\/\/www.giardinagroup.com\/?page_id=1766"},"modified":"2026-03-08T21:34:52","modified_gmt":"2026-03-08T20:34:52","slug":"ueber-uns-malerische-loesungen","status":"publish","type":"page","link":"https:\/\/www.giardinagroup.com\/de\/ueber-uns-malerische-loesungen\/","title":{"rendered":"\u00dcber uns"},"content":{"rendered":"<h2>Die Meilensteine der Firmengeschichte&#8230;<\/h2>\n<hr \/>\n<p>Giardina Finishing und Mauri Macchine: Zwei Marken seit 2012 unter einem globalen Dach, der <strong>Giardina Group<\/strong> vereint, bieten alles rund um die <strong>Oberfl\u00e4chenbehandlung<\/strong>. Eine Geschichte von Kompetenz, Erfahrung, Forschung und Innovation, die seit fast f\u00fcnfzig Jahren besteht. Jahrzehntelang gepr\u00e4gt von einem st\u00e4ndigen Engagement f\u00fcr die Entwicklung und Implementierung hochtechnologischer L\u00f6sungen, Maschinen und Anlagen f\u00fcr alle Kundenbed\u00fcrfnisse. Gemeinsam mit unseren Kunden, die bestm\u00f6gliche L\u00f6sung f\u00fcr ihre Bed\u00fcrfnisse zu erarbeiten, seien es komplexe Fertigungsstrassen oder einfache Maschinen ist unsere t\u00e4gliche Motivation. Durch die im Juni 2020 erfolgte \u00dcbernahme der Firma De Stefani, einer international bekannten Organisation im Schleifsektor, haben wir unsere Kompetenz auch in diesem Bereich weiter ausgebaut und vervollst\u00e4ndigt.<\/p>\n<p>Der Vision\u00e4r, der Antreiber dieser langen Geschichte, war der am 24. August 2017 verstorbene <strong>Giampiero Mauri<\/strong>. Er war davon \u00fcberzeugt, dass der Erfolg eines Unternehmens daran gemessen wird, wie hoch dessen technologischer Standart auf internationaler Ebene wahrgenommen wird. Eine Vision, die es ihm erlaubte auch prestigetr\u00e4chtige Ziele zu erreichen.<\/p>\n<p>Aus seiner Vision ergab sich die Entscheidung, durch die \u00dcbernahme von Giardina Finishing durch Mauri Macchine, eine starke Synergie zwischen den beiden Unternehmen zu schaffen. Heute bieten sie als Giardina Group die umfassendste Palette an Veredelungs- und Lackierl\u00f6sungen f\u00fcr verschiedene Weltm\u00e4rkte. Ein technologisches Erbe, das kein anderer bieten kann.<\/p>\n<p>Eine Vision, die seine beiden S\u00f6hne <strong>Stefano und Riccardo<\/strong> weiterf\u00fchren. Mit der \u00dcbernahme der Firma <strong>De Stefani<\/strong>, welche im Schleifsektor bekannt ist, erweitern sie die Kompetenz der Giardina Group um ein weiteres Mosaikst\u00fcckchen, und ab 2023 eine bedeutende industrielle Partnerschaft mit der<strong data-start=\"0\" data-end=\"99\" data-is-last-node=\"\" data-is-only-node=\"\"> G-Technologies Group<\/strong> zu starten.<\/p>\n<h3>Der Ursprung<\/h3>\n<p><strong>Giardina Finishing<\/strong> hat ihre grosse Erfahrung mit Lackierl\u00f6sungen wie Spritzapplikation, Walzenauftrag, Giessverfahren, Vakuumtechnologie und viele andere in den Bereichen Holz, Glas, Kunststoff, Metall und Verbundwerkstoffe in die neue Gruppe eingebracht. Sogar <strong>Trocknungstechniken<\/strong> waren schon immer ein Flaggschiff des Unternehmens. Seit den siebziger Jahren Pionier in der Trocknungstechnologie der UV-H\u00e4rtung und f\u00fchrend in der Trocknung von Wasserlacken mittels \u201c<strong>MOS<\/strong>\u201d \u2013 Mikrowellentrocknung. Seit einigen Jahren mit einer brandneuen \u201cUV integrierten\u201d Auftrags- und Trocknungstechnologie namens \u201c<strong>Gst Zerogloss<\/strong>\u201d, welche neue Lackierzyklen erm\u00f6glicht, f\u00fchrend im Markt vertreten. Diese Technologie erm\u00f6glicht einen sehr hohen Qualit\u00e4tsstandart im Bereich \u201c<strong>Hochmatt<\/strong>\u201d.<\/p>\n<p>Vervollst\u00e4ndigt werden die Giardina Finishing Kompetenzen durch <strong>Mauri Macchine<\/strong>, welche mit ihrer grossen Erfahrung in der Holzbranche \u00fcber ein aussergew\u00f6hnliches Know-how f\u00fcr Lackiersysteme f\u00fcr <strong>Profile<\/strong> im Allgemeinen verf\u00fcgt. Seit langem sind Spritzroboterl\u00f6sungen f\u00fcr das Lackieren von Kleinserien, sogenannte \u201cCustomer Order Lines\u201d entwickelt worden. Somit antizipiert Mauri Macchine seit Jahren die Bed\u00fcrfnisse des Marktes, welcher zunehmend auf \u201cJust-in-Time\u201d ausgerichtet ist, mit massgeschneiderten L\u00f6sungen f\u00fcr das Handling von immer kleineren Losgr\u00f6ssen. Auch in einem Markt, in dem \u201cBio-Nachhaltigkeit\u201d immer mehr an Bedeutung gewinnt, hat sich Mauri Macchine mit ihren Komplettl\u00f6sungen f\u00fcr die <strong>Behandlung von Schichtholz<\/strong> sehr proaktiv engagiert und etabliert.<\/p>\n<p>Dank der grossen Kompetenz von Mauri Macchine bei der Entwicklung und Implementierung komplexer L\u00f6sungen f\u00fcr das Handling und die Manipulation von Fertigprodukten kann die Giardina Group ihren Kunden auf der ganzen Welt Lackiersysteme anbieten und dabei die Ressourcen und das Know-how der Gruppe nutzen. Dies garantiert einerseits h\u00f6chste Zuverl\u00e4ssigkeit und andererseits bietet sich die Sicherheit eines einzigen Ansprechpartners bez\u00fcglich Kompetenz, Technologie, sowie Pre- und Post-Sales-Dienstleistungen an.<\/p>\n<p>&nbsp;<\/p>\n<h3>Giardina Group<\/h3>\n<p>Im Jahr 2010 beginnt Mauri Macchine seine Partnerschaft mit der Giardina Finishing srl.<\/p>\n<p>Nach einem tiefgreifenden Umstrukturierungsprozess beschliesst Giampiero Mauri die Firma Giardina Finishing zu erwerben. Er gr\u00fcndet die Marke Giardina Group und f\u00fchrt Giardina Finishing, Mauri Macchine und Ventilazione Italiana unter einem Dach zusammen. Die Vereinigung der drei Marken konsolidiert eine breite Kundenbasis und erm\u00f6glicht die Herstellung des breitesten und komplettesten Sortiments an Veredelungsmaschinen und -systemen.<\/p>\n<p>Am 24. August 2017 stirbt\u00a0<b>Giampiero Mauri<\/b>\u00a0nach einer langen Krankheit, die ihn selbst in den akutesten Phasen nicht von seiner Leidenschaft, seinen Tr\u00e4umen und seinem Gesch\u00e4ft ablenken konnte. Seine S\u00f6hne \u2013\u00a0<b>Stefano und Riccardo<\/b>, immer an seiner Seite \u2013 nehmen nun die Z\u00fcgel fest in ihre H\u00e4nde.<\/p>\n<p>Am 28. Dezember 2017 wurde die notarielle Urkunde, welche die Geburt der Giardina-Gruppe begr\u00fcndet unterzeichnet. Die Kr\u00f6nung eines Traums begann im sehr weit entfernten 1972.<\/p>\n<p>Anfang 2018 werden alle Produktionsaktivit\u00e4ten in\u00a0<b>Figino Serenza<\/b>, zusammengef\u00fchrt. Ein neuer Firmensitz, welcher demn\u00e4chst ein modernes Unternehmen repr\u00e4sentiert, wird durch die Neuorganisation der Produktionsr\u00e4ume und B\u00fcros und einer Abteilung f\u00fcr Planung und Innovation erschaffen. Erg\u00e4nzt wird das ganze bis April 2019 durch einen neuen Showroom \/ Technikum mit Schulungsr\u00e4umen \u2013 das\u00a0<b>Giampiero Mauri Innovation Centre<\/b>.<\/p>\n<p>Im Mai 2020 wurde die langj\u00e4hrige und intensive Zusammenarbeit mit De Stefani zu einer industriellen Beteiligung. Die Entscheidung, die lange und intensive Zusammenarbeit mit dem Schleifspezialisten <b>De Stefani<\/b> in eine industrielle Beteiligung umzuwandeln. Durch die \u00dcbernahme der Firma De Stefani und damit deren Integration in die Giardina Group entsteht ein weiteres Standbein, um die Produktepalette zu erweitern respektive zu vervollst\u00e4ndigen.<\/p>\n<p>Im Jahr 2023 wurde eine <strong>neue industrielle Partnerschaft<\/strong> mit der <a href=\"https:\/\/www.gtechnologies-srl.com\/Objects\/Home1.asp\"><strong>G-Technologies Group<\/strong><\/a> gestartet, die zur \u00dcbernahme von <a href=\"https:\/\/www.marval.glass\/\"><strong>Marval<\/strong><\/a> f\u00fchrte, einem international bekannten Unternehmen f\u00fcr die Qualit\u00e4t seiner L\u00f6sungen f\u00fcr die Herstellung von Isolierglas. Aus dieser Partnerschaft entstand 2025 ein neues Projekt: die \u00dcbernahme der Aktivit\u00e4ten von <a href=\"https:\/\/www.cmlfinishing.it\/it\"><strong>Cml Finishing<\/strong><\/a>, einem f\u00fchrenden Unternehmen in der Konzeption, Planung und Realisierung innovativer L\u00f6sungen f\u00fcr die Lackierung von Fenstern und T\u00fcren.<\/p>\n<p>Die st\u00e4ndige Beziehung zu den wichtigsten Farbherstellern und Komplement\u00e4rindustrien weltweit ist gestern wie heute von grundlegender Bedeutung f\u00fcr die\u00a0<b>Giardina Group<\/b>. Nur durch diese Zusammenarbeit k\u00f6nnen die Bed\u00fcrfnisse eines Kunden richtig interpretiert werden, um ihm genau das zu bieten, was er als Endergebnis des Prozesses erwartet.<\/p>\n","protected":false},"excerpt":{"rendered":"<p>Die Meilensteine der Firmengeschichte&#8230; Giardina Finishing und Mauri Macchine: Zwei Marken seit 2012 unter einem globalen Dach, der Giardina Group vereint, bieten alles rund um die Oberfl\u00e4chenbehandlung. Eine Geschichte von [&hellip;]<\/p>\n","protected":false},"author":712,"featured_media":0,"parent":0,"menu_order":1,"comment_status":"closed","ping_status":"closed","template":"","meta":{"_acf_changed":false,"footnotes":""},"class_list":["post-1766","page","type-page","status-publish","hentry"],"acf":[],"yoast_head":"<!-- This site is optimized with the Yoast SEO plugin v27.2 - https:\/\/yoast.com\/product\/yoast-seo-wordpress\/ -->\n<title>Das umfassendste Angebot an Veredelungs- und Lackierl\u00f6sungen<\/title>\n<meta name=\"description\" content=\"Gro\u00dfe Erfahrung mit Lackierl\u00f6sungen f\u00fcr die Bereiche Holz, Glas, Kunststoff, Metall und Verbundwerkstoffe: Spritzapplikationen usw...\" \/>\n<meta name=\"robots\" content=\"index, follow, max-snippet:-1, max-image-preview:large, max-video-preview:-1\" \/>\n<link rel=\"canonical\" href=\"https:\/\/www.giardinagroup.com\/de\/ueber-uns-malerische-loesungen\/\" \/>\n<meta property=\"og:locale\" content=\"de_DE\" \/>\n<meta property=\"og:type\" content=\"article\" \/>\n<meta property=\"og:title\" content=\"Das umfassendste Angebot an Veredelungs- und Lackierl\u00f6sungen\" \/>\n<meta property=\"og:description\" content=\"Gro\u00dfe Erfahrung mit Lackierl\u00f6sungen f\u00fcr die Bereiche Holz, Glas, Kunststoff, Metall und Verbundwerkstoffe: Spritzapplikationen usw...\" \/>\n<meta property=\"og:url\" content=\"https:\/\/www.giardinagroup.com\/de\/ueber-uns-malerische-loesungen\/\" \/>\n<meta property=\"og:site_name\" content=\"Giardina Group\" \/>\n<meta property=\"article:publisher\" content=\"https:\/\/www.facebook.com\/GiardinaGroupItaly\/\" \/>\n<meta property=\"article:modified_time\" content=\"2026-03-08T20:34:52+00:00\" \/>\n<meta name=\"twitter:card\" content=\"summary_large_image\" \/>\n<meta name=\"twitter:label1\" content=\"Gesch\u00e4tzte Lesezeit\" \/>\n\t<meta name=\"twitter:data1\" content=\"5\u00a0Minuten\" \/>\n<script type=\"application\/ld+json\" class=\"yoast-schema-graph\">{\"@context\":\"https:\/\/schema.org\",\"@graph\":[{\"@type\":\"WebPage\",\"@id\":\"https:\/\/www.giardinagroup.com\/de\/ueber-uns-malerische-loesungen\/\",\"url\":\"https:\/\/www.giardinagroup.com\/de\/ueber-uns-malerische-loesungen\/\",\"name\":\"Das umfassendste Angebot an Veredelungs- und Lackierl\u00f6sungen\",\"isPartOf\":{\"@id\":\"https:\/\/www.giardinagroup.com\/de\/#website\"},\"datePublished\":\"2022-12-20T08:13:22+00:00\",\"dateModified\":\"2026-03-08T20:34:52+00:00\",\"description\":\"Gro\u00dfe Erfahrung mit Lackierl\u00f6sungen f\u00fcr die Bereiche Holz, Glas, Kunststoff, Metall und Verbundwerkstoffe: Spritzapplikationen usw...\",\"breadcrumb\":{\"@id\":\"https:\/\/www.giardinagroup.com\/de\/ueber-uns-malerische-loesungen\/#breadcrumb\"},\"inLanguage\":\"de\",\"potentialAction\":[{\"@type\":\"ReadAction\",\"target\":[\"https:\/\/www.giardinagroup.com\/de\/ueber-uns-malerische-loesungen\/\"]}]},{\"@type\":\"BreadcrumbList\",\"@id\":\"https:\/\/www.giardinagroup.com\/de\/ueber-uns-malerische-loesungen\/#breadcrumb\",\"itemListElement\":[{\"@type\":\"ListItem\",\"position\":1,\"name\":\"Home\",\"item\":\"https:\/\/www.giardinagroup.com\/de\/\"},{\"@type\":\"ListItem\",\"position\":2,\"name\":\"\u00dcber uns\"}]},{\"@type\":\"WebSite\",\"@id\":\"https:\/\/www.giardinagroup.com\/de\/#website\",\"url\":\"https:\/\/www.giardinagroup.com\/de\/\",\"name\":\"Giardina Group\",\"description\":\"\",\"potentialAction\":[{\"@type\":\"SearchAction\",\"target\":{\"@type\":\"EntryPoint\",\"urlTemplate\":\"https:\/\/www.giardinagroup.com\/de\/?s={search_term_string}\"},\"query-input\":{\"@type\":\"PropertyValueSpecification\",\"valueRequired\":true,\"valueName\":\"search_term_string\"}}],\"inLanguage\":\"de\"}]}<\/script>\n<!-- \/ Yoast SEO plugin. -->","yoast_head_json":{"title":"Das umfassendste Angebot an Veredelungs- und Lackierl\u00f6sungen","description":"Gro\u00dfe Erfahrung mit Lackierl\u00f6sungen f\u00fcr die Bereiche Holz, Glas, Kunststoff, Metall und Verbundwerkstoffe: Spritzapplikationen usw...","robots":{"index":"index","follow":"follow","max-snippet":"max-snippet:-1","max-image-preview":"max-image-preview:large","max-video-preview":"max-video-preview:-1"},"canonical":"https:\/\/www.giardinagroup.com\/de\/ueber-uns-malerische-loesungen\/","og_locale":"de_DE","og_type":"article","og_title":"Das umfassendste Angebot an Veredelungs- und Lackierl\u00f6sungen","og_description":"Gro\u00dfe Erfahrung mit Lackierl\u00f6sungen f\u00fcr die Bereiche Holz, Glas, Kunststoff, Metall und Verbundwerkstoffe: Spritzapplikationen usw...","og_url":"https:\/\/www.giardinagroup.com\/de\/ueber-uns-malerische-loesungen\/","og_site_name":"Giardina Group","article_publisher":"https:\/\/www.facebook.com\/GiardinaGroupItaly\/","article_modified_time":"2026-03-08T20:34:52+00:00","twitter_card":"summary_large_image","twitter_misc":{"Gesch\u00e4tzte Lesezeit":"5\u00a0Minuten"},"schema":{"@context":"https:\/\/schema.org","@graph":[{"@type":"WebPage","@id":"https:\/\/www.giardinagroup.com\/de\/ueber-uns-malerische-loesungen\/","url":"https:\/\/www.giardinagroup.com\/de\/ueber-uns-malerische-loesungen\/","name":"Das umfassendste Angebot an Veredelungs- und Lackierl\u00f6sungen","isPartOf":{"@id":"https:\/\/www.giardinagroup.com\/de\/#website"},"datePublished":"2022-12-20T08:13:22+00:00","dateModified":"2026-03-08T20:34:52+00:00","description":"Gro\u00dfe Erfahrung mit Lackierl\u00f6sungen f\u00fcr die Bereiche Holz, Glas, Kunststoff, Metall und Verbundwerkstoffe: Spritzapplikationen usw...","breadcrumb":{"@id":"https:\/\/www.giardinagroup.com\/de\/ueber-uns-malerische-loesungen\/#breadcrumb"},"inLanguage":"de","potentialAction":[{"@type":"ReadAction","target":["https:\/\/www.giardinagroup.com\/de\/ueber-uns-malerische-loesungen\/"]}]},{"@type":"BreadcrumbList","@id":"https:\/\/www.giardinagroup.com\/de\/ueber-uns-malerische-loesungen\/#breadcrumb","itemListElement":[{"@type":"ListItem","position":1,"name":"Home","item":"https:\/\/www.giardinagroup.com\/de\/"},{"@type":"ListItem","position":2,"name":"\u00dcber uns"}]},{"@type":"WebSite","@id":"https:\/\/www.giardinagroup.com\/de\/#website","url":"https:\/\/www.giardinagroup.com\/de\/","name":"Giardina Group","description":"","potentialAction":[{"@type":"SearchAction","target":{"@type":"EntryPoint","urlTemplate":"https:\/\/www.giardinagroup.com\/de\/?s={search_term_string}"},"query-input":{"@type":"PropertyValueSpecification","valueRequired":true,"valueName":"search_term_string"}}],"inLanguage":"de"}]}},"_links":{"self":[{"href":"https:\/\/www.giardinagroup.com\/de\/wp-json\/wp\/v2\/pages\/1766","targetHints":{"allow":["GET"]}}],"collection":[{"href":"https:\/\/www.giardinagroup.com\/de\/wp-json\/wp\/v2\/pages"}],"about":[{"href":"https:\/\/www.giardinagroup.com\/de\/wp-json\/wp\/v2\/types\/page"}],"author":[{"embeddable":true,"href":"https:\/\/www.giardinagroup.com\/de\/wp-json\/wp\/v2\/users\/712"}],"replies":[{"embeddable":true,"href":"https:\/\/www.giardinagroup.com\/de\/wp-json\/wp\/v2\/comments?post=1766"}],"version-history":[{"count":4,"href":"https:\/\/www.giardinagroup.com\/de\/wp-json\/wp\/v2\/pages\/1766\/revisions"}],"predecessor-version":[{"id":11884,"href":"https:\/\/www.giardinagroup.com\/de\/wp-json\/wp\/v2\/pages\/1766\/revisions\/11884"}],"wp:attachment":[{"href":"https:\/\/www.giardinagroup.com\/de\/wp-json\/wp\/v2\/media?parent=1766"}],"curies":[{"name":"wp","href":"https:\/\/api.w.org\/{rel}","templated":true}]}}